{"id":2010391,"date":"2025-03-30T10:29:00","date_gmt":"2025-03-30T08:29:00","guid":{"rendered":"https:\/\/backgroundproperties.com\/?page_id=2010391"},"modified":"2026-04-02T08:55:29","modified_gmt":"2026-04-02T06:55:29","slug":"privacy","status":"publish","type":"page","link":"https:\/\/backgroundproperties.com\/nl\/privacy\/","title":{"rendered":"Privacy"},"content":{"rendered":"\t\t<div data-elementor-type=\"wp-page\" data-elementor-id=\"2010391\" class=\"elementor elementor-2010391\" data-elementor-post-type=\"page\">\n\t\t\t\t<div class=\"elementor-element elementor-element-1a80df50 e-flex e-con-boxed e-con e-parent\" data-id=\"1a80df50\" data-element_type=\"container\" data-e-type=\"container\">\n\t\t\t\t\t<div class=\"e-con-inner\">\n\t\t\t\t<div class=\"elementor-element elementor-element-1600166d elementor-widget elementor-widget-text-editor\" data-id=\"1600166d\" data-element_type=\"widget\" data-e-type=\"widget\" data-widget_type=\"text-editor.default\">\n\t\t\t\t\t\t\t\t\t<h1>1. DATOS DEL RESPONSABLE DEL TRATAMIENTO<\/h1>\r\nRaz\u00f3n Social: Filip van Horenbeeck (en adelante, la \u201cEmpresa\u201d o el \u201cResponsable\u201d).\r\nCIF: Y4016867T\r\nDomicilio: Carrer de la Vinya 20, 03730 Javea (Alicante)\r\nTel\u00e9fono: (+34) 670 412\u00a0 191\r\nEmail para comunicaciones en materia de Protecci\u00f3n de datos: hola@backgroundproperties.com\r\n<h3>1.1. Normativa aplicable<\/h3>\r\nNuestra Pol\u00edtica de Privacidad se ha dise\u00f1ado de acuerdo con el\u00a0<strong>Reglamento General de Protecci\u00f3n de Datos de la UE 2016\/679 del Parlamento Europeo\u00a0<\/strong>y del Consejo, de 27 de abril de 2016, relativo a la protecci\u00f3n de las personas f\u00edsicas en lo que respecta al tratamiento de datos personales y a la libre circulaci\u00f3n de estos datos y por el que se deroga la Directiva 95\/46\/CE (Reglamento general de protecci\u00f3n de datos), y en lo que no contradiga el mencionado Reglamento, por lo dispuesto en el marco legislativo espa\u00f1ol en materia de Protecci\u00f3n de Datos de Car\u00e1cter Personal.\r\n\r\nAl facilitarnos sus datos, Usted declara haber le\u00eddo y conocer la presente Pol\u00edtica de Privacidad, prestando su consentimiento inequ\u00edvoco y expreso al tratamiento de sus datos personales de acuerdo a las finalidades y t\u00e9rminos aqu\u00ed expresados.\r\n\r\nLa Empresa podr\u00e1 modificar la presente Pol\u00edtica de Privacidad para adaptarla a las novedades legislativas, jurisprudenciales o de interpretaci\u00f3n de la Agencia Espa\u00f1ola de Protecci\u00f3n de Datos. Estas condiciones de privacidad podr\u00e1n ser complementadas por el Aviso Legal, Pol\u00edtica de Cookies y las Condiciones Generales que, en su caso, se recojan para determinados productos o servicios, si dicho acceso supone alguna especialidad en materia de protecci\u00f3n de datos de car\u00e1cter personal.\r\n<h3>1.2. Delegado de Protecci\u00f3n de Datos<\/h3>\r\nLa empresa no tiene Delegado de Protecci\u00f3n de Datos.\r\n<h2>2. FINALIDAD DEL TRATAMIENTO DE LOS DATOS PERSONALES<\/h2>\r\nEl tratamiento que realizamos de sus datos personales responde a las siguientes finalidades:\r\n\r\n&#8211; Proporcionarle informaci\u00f3n relacionada con los productos y servicios que ofrece nuestra empresa y que detallan en este web site y que podr\u00edan derivar a su derivaci\u00f3n profesionales en el \u00e1mbito de los Servicios inmobiliarios\r\n\r\n&#8211; Realizar la contrataci\u00f3n de nuestros servicios mediante la aceptaci\u00f3n del correspondiente presupuesto \/ pedido y\/o la firma de un contrato mercantil.\r\n\r\n&#8211; Enviarle por correo electr\u00f3nico y\/o postal las noticias y novedades acerca de nuestra entidad, as\u00ed como las actualizaciones de nuestro cat\u00e1logo de productos y servicios.\r\n\r\n-Gestionar los Usuarios del Sitio Web y, en su caso, la activaci\u00f3n y administraci\u00f3n del alta como Usuario en el \u00e1rea reservada del Sitio Web.\r\n\r\n-Canalizar las solicitudes de informaci\u00f3n, sugerencias y reclamaciones de las personas interesadas para su gesti\u00f3n y resoluci\u00f3n.\r\n\r\n-Mantenerle informado, bien por medios electr\u00f3nicos o dispositivos m\u00f3viles de cualquier informaci\u00f3n que pudieran resultar de su inter\u00e9s;\r\n\r\n-Gestionar el env\u00edo de la Newsletter a los usuarios que se suscriban a la misma.\r\n<h3>2.1. Plazo de Conservaci\u00f3n de sus datos<\/h3>\r\nSe guardar\u00e1n los datos personales solo durante el per\u00edodo de tiempo que sea razonablemente necesario teniendo en cuenta las necesidades de dar respuesta a cuestiones que se planteen o resolver problemas, realizar mejoras, activar sus servicios y cumplir los requisitos que exija la legislaci\u00f3n aplicable. Esto significa que puede conservar los datos personales durante un per\u00edodo de tiempo razonable incluso despu\u00e9s de que el interesado haya dejado de usar la WEB\r\n\r\nEn el caso de las suscripciones conservaremos sus datos personales desde que nos d\u00e9 su consentimiento hasta que lo revoque o bien solicite la limitaci\u00f3n del tratamiento. En tales casos, mantendremos sus datos de manera bloqueada durante los plazos legalmente exigidos.\r\n<h2>3. LEGITIMACI\u00d3N Y DATOS RECABADOS<\/h2>\r\nLa legitimaci\u00f3n para el tratamiento de sus datos es el consentimiento expreso otorgado mediante un acto positivo y afirmativo (rellenar el formulario correspondiente y marcar la casilla de aceptaci\u00f3n de esta pol\u00edtica) en el momento de facilitarnos sus datos personales.\r\n<h3>3.1. Consentimiento para tratar sus datos<\/h3>\r\nLa base legal para el tratamiento de los datos personales de los Usuarios y\/o Clientes reside en las letras a), b) y c) del n\u00famero 1 del art\u00edculo 6 del Reglamento (UE) 2016\/679, de 27 de abril.\r\n\r\n-El Usuario y\/o Cliente ha prestado su consentimiento expreso para las finalidades descritas que requieran el tratamiento de datos del Usuario y\/o Cliente, as\u00ed como, en el marco de una relaci\u00f3n contractual o precontractual para la atenci\u00f3n de su solicitud de informaci\u00f3n y\/o ejecuci\u00f3n de la prestaci\u00f3n del servicio.\r\n\r\n-El Usuario y\/o Cliente ha otorgado el consentimiento expreso mediante un acto positivo y afirmativo (rellenar el formulario correspondiente y marcar la casilla de aceptaci\u00f3n de esta pol\u00edtica) en el momento de facilitarnos sus datos personales.\r\n<h3>3.2. Categor\u00edas de datos<\/h3>\r\nLos datos que se recaban se refieren a la categor\u00eda de datos identificativos, como pueden ser: Nombre y Apellidos, Tel\u00e9fono, Direcci\u00f3n Postal, Empresa, Correo electr\u00f3nico, as\u00ed como la direcci\u00f3n IP desde donde accede al formulario de recogida de datos.\r\n<h3>4. MEDIDAS DE SEGURIDAD<\/h3>\r\nDentro de nuestro compromiso por garantizar la seguridad y confidencialidad de sus datos de car\u00e1cter personal, le informamos que se han adoptado las medidas de \u00edndole t\u00e9cnica y organizativas necesarias para garantizar la seguridad de los datos de car\u00e1cter personal y evitar su alteraci\u00f3n, p\u00e9rdida, tratamiento o acceso no autorizado, habida cuenta del estado de la tecnolog\u00eda, la naturaleza de los datos almacenados y los riesgos a que est\u00e9n expuestos, seg\u00fan el Art. 32 del RGPD EU 679\/2016.\r\n<h2>5. CESI\u00d3N DE DATOS<\/h2>\r\nNo se prev\u00e9n cesiones de datos ni transferencias internacionales de sus datos, a excepci\u00f3n de las autorizadas por la legislaci\u00f3n fiscal, mercantil y de telecomunicaciones, as\u00ed como en aquellos casos en los que una autoridad judicial nos lo requiera.\r\n<h2>6. DERECHOS DEL USUARIO<\/h2>\r\nCualquier interesado tiene derecho a obtener confirmaci\u00f3n sobre si estamos tratando datos personales que le conciernan, o no. Las personas interesadas tienen derecho a acceder a sus datos personales, as\u00ed como a solicitar la rectificaci\u00f3n de los datos inexactos o, en su caso, solicitar su supresi\u00f3n cuando, entre otros motivos, los datos ya no sean necesarios para los fines que fueron recogidos. En determinadas circunstancias, los interesados podr\u00e1n solicitar la limitaci\u00f3n del tratamiento de sus datos, en cuyo caso \u00fanicamente los conservaremos para el ejercicio o la defensa de reclamaciones. Por motivos relacionados con su situaci\u00f3n particular, los interesados podr\u00e1n oponerse al tratamiento de sus datos. El Responsable del fichero dejar\u00e1 de tratar los datos, salvo por motivos leg\u00edtimos imperiosos, o el ejercicio o la defensa de posibles reclamaciones.\r\n\r\nDe acuerdo con la legislaci\u00f3n vigente tiene los siguientes derechos: derecho a solicitar el acceso a sus datos personales, derecho a solicitar su rectificaci\u00f3n o supresi\u00f3n, derecho a solicitar la limitaci\u00f3n de su tratamiento, derecho a oponerse al tratamiento, derecho a la portabilidad de los datos y as\u00ed mismo, a revocar el consentimiento otorgado.\r\n<h3>6.1. \u00bfC\u00f3mo ejercitar mis derechos?<\/h3>\r\nPara ejercer sus derechos, debe dirigirse al responsable, solicitando el correspondiente formulario para el ejercicio del derecho elegido. Opcionalmente, puede acudir a la Autoridad de Control competente para obtener informaci\u00f3n adicional acerca de sus derechos. Los datos de contacto para el ejercicio de sus derechos son el tel\u00e9fono\u00a0<strong>(+34) 966 491 163<\/strong>\u00a0y el correo electr\u00f3nico:\u00a0. Recuerde acompa\u00f1ar una copia de un documento que nos permita identificarle.\r\n<h2>7. CONSENTIMIENTO PARA ENV\u00cdO DE COMUNICACIONES ELECTR\u00d3NICAS<\/h2>\r\nAs\u00ed mismo, y de acuerdo con lo establecido en la Ley 34\/2002, de 11 de julio, de Servicios de la Sociedad de la Informaci\u00f3n y del Comercio Electr\u00f3nico, completando el formulario de recogida de datos y marcando la correspondiente casilla \u201cAcepto el env\u00edo de comunicaciones electr\u00f3nicas\u201d, est\u00e1 otorgando el consentimiento expreso para enviarle a su direcci\u00f3n de correo electr\u00f3nico, tel\u00e9fono, fax u otro medio electr\u00f3nico en env\u00edo de informaci\u00f3n acerca de la Empresa.\t\t\t\t\t\t\t\t<\/div>\n\t\t\t\t\t<\/div>\n\t\t\t\t<\/div>\n\t\t\t\t<\/div>\n\t\t","protected":false},"excerpt":{"rendered":"<p>1. DATOS DEL RESPONSABLE DEL TRATAMIENTO Raz\u00f3n Social: Filip van Horenbeeck (en adelante, la \u201cEmpresa\u201d o el \u201cResponsable\u201d). CIF: Y4016867T Domicilio: Carrer de la Vinya 20, 03730 Javea (Alicante) Tel\u00e9fono: (+34) 670 412\u00a0 191 Email para comunicaciones en materia de Protecci\u00f3n de datos: hola@backgroundproperties.com 1.1. Normativa aplicable Nuestra Pol\u00edtica de Privacidad se ha dise\u00f1ado de [&hellip;]<\/p>\n","protected":false},"author":1,"featured_media":0,"parent":0,"menu_order":2000,"comment_status":"closed","ping_status":"closed","template":"elementor_header_footer","meta":{"_glsr_average":0,"_glsr_ranking":0,"_glsr_reviews":0,"footnotes":""},"class_list":["post-2010391","page","type-page","status-publish","hentry"],"_links":{"self":[{"href":"https:\/\/backgroundproperties.com\/nl\/wp-json\/wp\/v2\/pages\/2010391","targetHints":{"allow":["GET"]}}],"collection":[{"href":"https:\/\/backgroundproperties.com\/nl\/wp-json\/wp\/v2\/pages"}],"about":[{"href":"https:\/\/backgroundproperties.com\/nl\/wp-json\/wp\/v2\/types\/page"}],"author":[{"embeddable":true,"href":"https:\/\/backgroundproperties.com\/nl\/wp-json\/wp\/v2\/users\/1"}],"replies":[{"embeddable":true,"href":"https:\/\/backgroundproperties.com\/nl\/wp-json\/wp\/v2\/comments?post=2010391"}],"version-history":[{"count":1,"href":"https:\/\/backgroundproperties.com\/nl\/wp-json\/wp\/v2\/pages\/2010391\/revisions"}],"predecessor-version":[{"id":2065949,"href":"https:\/\/backgroundproperties.com\/nl\/wp-json\/wp\/v2\/pages\/2010391\/revisions\/2065949"}],"wp:attachment":[{"href":"https:\/\/backgroundproperties.com\/nl\/wp-json\/wp\/v2\/media?parent=2010391"}],"curies":[{"name":"wp","href":"https:\/\/api.w.org\/{rel}","templated":true}]}}