{"id":95195,"date":"2022-05-21T11:29:36","date_gmt":"2022-05-21T09:29:36","guid":{"rendered":"https:\/\/backgroundproperties.com\/nos-courtiers\/"},"modified":"2026-04-02T16:56:49","modified_gmt":"2026-04-02T14:56:49","slug":"nos-courtiers","status":"publish","type":"page","link":"https:\/\/backgroundproperties.com\/fr\/nos-courtiers\/","title":{"rendered":"Agents immobiliers"},"content":{"rendered":"\t\t<div data-elementor-type=\"wp-post\" data-elementor-id=\"95195\" class=\"elementor elementor-95195 elementor-87883\" data-elementor-post-type=\"page\">\n\t\t\t\t\t\t<section class=\"elementor-section elementor-top-section elementor-element elementor-element-5cf03e0 elementor-section-boxed elementor-section-height-default elementor-section-height-default\" data-id=\"5cf03e0\" data-element_type=\"section\" data-e-type=\"section\">\n\t\t\t\t\t\t<div class=\"elementor-container elementor-column-gap-default\">\n\t\t\t\t\t<div class=\"elementor-column elementor-col-100 elementor-top-column elementor-element elementor-element-245586a\" data-id=\"245586a\" data-element_type=\"column\" data-e-type=\"column\">\n\t\t\t<div class=\"elementor-widget-wrap elementor-element-populated\">\n\t\t\t\t\t\t<div class=\"elementor-element elementor-element-600c8d2 elementor-widget elementor-widget-heading\" data-id=\"600c8d2\" data-element_type=\"widget\" data-e-type=\"widget\" data-widget_type=\"heading.default\">\n\t\t\t\t\t<h1 class=\"elementor-heading-title elementor-size-default\">Agents immobiliers<\/h1>\t\t\t\t<\/div>\n\t\t\t\t<div class=\"elementor-element elementor-element-d190eb6 elementor-widget elementor-widget-heading\" data-id=\"d190eb6\" data-element_type=\"widget\" data-e-type=\"widget\" data-widget_type=\"heading.default\">\n\t\t\t\t\t<h2 class=\"elementor-heading-title elementor-size-default\">UN R\u00c9SEAU SOLIDE \u00c0 TRAVERS L'EUROPE<\/h2>\t\t\t\t<\/div>\n\t\t\t\t<div class=\"elementor-element elementor-element-2cbf5be elementor-widget elementor-widget-text-editor\" data-id=\"2cbf5be\" data-element_type=\"widget\" data-e-type=\"widget\" data-widget_type=\"text-editor.default\">\n\t\t\t\t\t\t\t\t\t<p>Nous travaillons en \u00e9troite collaboration avec un groupe s\u00e9lectionn\u00e9 de <strong>plus de 40 agents immobiliers fiables<\/strong>, ce qui nous permet non seulement de promouvoir activement nos propri\u00e9t\u00e9s sur la Costa Blanca, mais aussi d&#8217;atteindre d&#8217;importants march\u00e9s internationaux.<\/p>\n<p>Nos courtiers partenaires sont situ\u00e9s en <strong>Espagne, en Belgique, aux Pays-Bas et en <\/strong><strong>Allemagne<\/strong>. Ce vaste r\u00e9seau nous permet de pr\u00e9senter votre propri\u00e9t\u00e9 \u00e0 un public large et diversifi\u00e9, qu&#8217;il s&#8217;agisse d&#8217;acheteurs locaux ou de clients internationaux activement \u00e0 la recherche d&#8217;une maison en Espagne.<\/p>\n<p>Gr\u00e2ce \u00e0 cette solide coop\u00e9ration internationale, votre propri\u00e9t\u00e9 gagne en visibilit\u00e9 sur plusieurs march\u00e9s, ce qui augmente les chances de trouver plus rapidement le bon acheteur.<\/p>\n\t\t\t\t\t\t\t\t<\/div>\n\t\t\t\t<div class=\"elementor-element elementor-element-0948606 elementor-widget elementor-widget-heading\" data-id=\"0948606\" data-element_type=\"widget\" data-e-type=\"widget\" data-widget_type=\"heading.default\">\n\t\t\t\t\t<h3 class=\"elementor-heading-title elementor-size-default\"><a href=\"https:\/\/backgroundproperties.com\/fr\/agents-immobiliers\/\">D\u00c9COUVREZ NOTRE R\u00c9SEAU INTERNATIONAL DE<br \/>AGENTS IMMOBILIERS<\/a><\/h3>\t\t\t\t<\/div>\n\t\t\t\t\t<\/div>\n\t\t<\/div>\n\t\t\t\t\t<\/div>\n\t\t<\/section>\n\t\t\t\t<\/div>\n\t\t","protected":false},"excerpt":{"rendered":"<p>Agents immobiliers UN R\u00c9SEAU SOLIDE \u00c0 TRAVERS L&#8217;EUROPE Nous travaillons en \u00e9troite collaboration avec un groupe s\u00e9lectionn\u00e9 de plus de 40 agents immobiliers fiables, ce qui nous permet non seulement de promouvoir activement nos propri\u00e9t\u00e9s sur la Costa Blanca, mais aussi d&#8217;atteindre d&#8217;importants march\u00e9s internationaux. Nos courtiers partenaires sont situ\u00e9s en Espagne, en Belgique, aux [&hellip;]<\/p>\n","protected":false},"author":1,"featured_media":0,"parent":0,"menu_order":20,"comment_status":"closed","ping_status":"closed","template":"elementor_header_footer","meta":{"_glsr_average":0,"_glsr_ranking":0,"_glsr_reviews":0,"footnotes":""},"class_list":["post-95195","page","type-page","status-publish","hentry"],"_links":{"self":[{"href":"https:\/\/backgroundproperties.com\/fr\/wp-json\/wp\/v2\/pages\/95195","targetHints":{"allow":["GET"]}}],"collection":[{"href":"https:\/\/backgroundproperties.com\/fr\/wp-json\/wp\/v2\/pages"}],"about":[{"href":"https:\/\/backgroundproperties.com\/fr\/wp-json\/wp\/v2\/types\/page"}],"author":[{"embeddable":true,"href":"https:\/\/backgroundproperties.com\/fr\/wp-json\/wp\/v2\/users\/1"}],"replies":[{"embeddable":true,"href":"https:\/\/backgroundproperties.com\/fr\/wp-json\/wp\/v2\/comments?post=95195"}],"version-history":[{"count":2,"href":"https:\/\/backgroundproperties.com\/fr\/wp-json\/wp\/v2\/pages\/95195\/revisions"}],"predecessor-version":[{"id":2066002,"href":"https:\/\/backgroundproperties.com\/fr\/wp-json\/wp\/v2\/pages\/95195\/revisions\/2066002"}],"wp:attachment":[{"href":"https:\/\/backgroundproperties.com\/fr\/wp-json\/wp\/v2\/media?parent=95195"}],"curies":[{"name":"wp","href":"https:\/\/api.w.org\/{rel}","templated":true}]}}