{"id":89593,"date":"2022-05-21T11:16:47","date_gmt":"2022-05-21T09:16:47","guid":{"rendered":"https:\/\/backgroundproperties.com\/proprietaires\/"},"modified":"2025-03-27T18:33:48","modified_gmt":"2025-03-27T17:33:48","slug":"proprietaires","status":"publish","type":"page","link":"https:\/\/backgroundproperties.com\/fr\/proprietaires\/","title":{"rendered":"Propri\u00e9taires de biens immobiliers"},"content":{"rendered":"\t\t<div data-elementor-type=\"wp-page\" data-elementor-id=\"89593\" class=\"elementor elementor-89593 elementor-89287\" data-elementor-post-type=\"page\">\n\t\t\t\t\t\t<section class=\"elementor-section elementor-top-section elementor-element elementor-element-b368016 elementor-section-boxed elementor-section-height-default elementor-section-height-default\" data-id=\"b368016\" data-element_type=\"section\" data-e-type=\"section\">\n\t\t\t\t\t\t<div class=\"elementor-container elementor-column-gap-default\">\n\t\t\t\t\t<div class=\"elementor-column elementor-col-100 elementor-top-column elementor-element elementor-element-43c78f7\" data-id=\"43c78f7\" data-element_type=\"column\" data-e-type=\"column\">\n\t\t\t<div class=\"elementor-widget-wrap elementor-element-populated\">\n\t\t\t\t\t\t<div class=\"elementor-element elementor-element-c54ddfb elementor-widget elementor-widget-heading\" data-id=\"c54ddfb\" data-element_type=\"widget\" data-e-type=\"widget\" data-widget_type=\"heading.default\">\n\t\t\t\t\t<h1 class=\"elementor-heading-title elementor-size-default\">Propri\u00e9taires de biens immobiliers<\/h1>\t\t\t\t<\/div>\n\t\t\t\t<div class=\"elementor-element elementor-element-f7cfd9c elementor-widget elementor-widget-text-editor\" data-id=\"f7cfd9c\" data-element_type=\"widget\" data-e-type=\"widget\" data-widget_type=\"text-editor.default\">\n\t\t\t\t\t\t\t\t\t<h2><strong>Votre bien n&#8217;est toujours pas vendu ?<\/strong><\/h2>\n<p>Nous utilisons une m\u00e9thode unique pour garantir la vente de votre propri\u00e9t\u00e9 &#8211; comment ? Depuis plusieurs ann\u00e9es, nous avons fourni de nouvelles propri\u00e9t\u00e9s \u00e0 plus de 40 agences immobili\u00e8res, toutes avec des clients de diff\u00e9rentes nationalit\u00e9s. Votre propri\u00e9t\u00e9 pourrait \u00eatre la prochaine \u00e0 \u00eatre vendue&#8230;<\/p>\n<h3>POURQUOI CHOISIR BACKGROUND PROPERTIES ?<\/h3>\n<ul>\n<li>Photographie de tr\u00e8s haut niveau.<\/li>\n<li>Plus de 40 agences immobili\u00e8res travaillent \u00e0 la vente de votre bien.<\/li>\n<li>Votre propri\u00e9t\u00e9 est promue non seulement en Espagne mais aussi dans toute l&#8217;Europe.<\/li>\n<li>Pas d&#8217;exclusivit\u00e9.<\/li>\n<\/ul>\n<h3>VOUS VOULEZ EN SAVOIR PLUS ?<\/h3>\n<div>Remplissez le formulaire ci-dessous, donnez-nous quelques d\u00e9tails sur votre bien et nous prendrons contact avec vous !<\/div>\n\t\t\t\t\t\t\t\t<\/div>\n\t\t\t\t<div class=\"elementor-element elementor-element-299b2b8 elementor-button-align-stretch elementor-widget elementor-widget-form\" data-id=\"299b2b8\" data-element_type=\"widget\" data-e-type=\"widget\" data-settings=\"{&quot;step_next_label&quot;:&quot;Suivant&quot;,&quot;step_previous_label&quot;:&quot;Pr\\u00e9c\\u00e9dent&quot;,&quot;button_width&quot;:&quot;100&quot;,&quot;step_type&quot;:&quot;number_text&quot;,&quot;step_icon_shape&quot;:&quot;circle&quot;}\" data-widget_type=\"form.default\">\n\t\t\t\t\t\t\t<form class=\"elementor-form\" method=\"post\" name=\"Nouveau formulaire\" aria-label=\"Nouveau formulaire\">\n\t\t\t<input type=\"hidden\" name=\"post_id\" value=\"89593\"\/>\n\t\t\t<input type=\"hidden\" name=\"form_id\" value=\"299b2b8\"\/>\n\t\t\t<input type=\"hidden\" name=\"referer_title\" value=\"Propri\u00e9taires de biens immobiliers\" \/>\n\n\t\t\t\t\t\t\t<input type=\"hidden\" name=\"queried_id\" value=\"89593\"\/>\n\t\t\t\n\t\t\t<div class=\"elementor-form-fields-wrapper elementor-labels-\">\n\t\t\t\t\t\t\t\t<div class=\"elementor-field-type-text elementor-field-group elementor-column elementor-field-group-name elementor-col-100 elementor-field-required\">\n\t\t\t\t\t\t\t\t\t\t\t\t<label for=\"form-field-name\" class=\"elementor-field-label elementor-screen-only\">\n\t\t\t\t\t\t\t\tpropi\u00e9taire\t\t\t\t\t\t\t<\/label>\n\t\t\t\t\t\t\t\t\t\t\t\t\t\t<input size=\"1\" type=\"text\" name=\"form_fields[name]\" id=\"form-field-name\" class=\"elementor-field elementor-size-sm  elementor-field-textual\" placeholder=\"propi\u00e9taire\" required=\"required\">\n\t\t\t\t\t\t\t\t\t\t\t<\/div>\n\t\t\t\t\t\t\t\t<div class=\"elementor-field-type-email elementor-field-group elementor-column elementor-field-group-email elementor-col-50 elementor-field-required\">\n\t\t\t\t\t\t\t\t\t\t\t\t<label for=\"form-field-email\" class=\"elementor-field-label elementor-screen-only\">\n\t\t\t\t\t\t\t\tE-mail\t\t\t\t\t\t\t<\/label>\n\t\t\t\t\t\t\t\t\t\t\t\t\t\t<input size=\"1\" type=\"email\" name=\"form_fields[email]\" id=\"form-field-email\" class=\"elementor-field elementor-size-sm  elementor-field-textual\" placeholder=\"E-mail\" required=\"required\">\n\t\t\t\t\t\t\t\t\t\t\t<\/div>\n\t\t\t\t\t\t\t\t<div class=\"elementor-field-type-tel elementor-field-group elementor-column elementor-field-group-Phone elementor-col-50\">\n\t\t\t\t\t\t\t\t\t\t\t\t<label for=\"form-field-Phone\" class=\"elementor-field-label elementor-screen-only\">\n\t\t\t\t\t\t\t\tT\u00e9l\u00e9phone\t\t\t\t\t\t\t<\/label>\n\t\t\t\t\t\t\t\t<input size=\"1\" type=\"tel\" name=\"form_fields[Phone]\" id=\"form-field-Phone\" class=\"elementor-field elementor-size-sm  elementor-field-textual\" placeholder=\"T\u00e9l\u00e9phone\" pattern=\"[0-9()#&amp;+*-=.]+\" title=\"Seuls les caract\u00e8res de num\u00e9ros de t\u00e9l\u00e9phone (#, -, *, etc.) sont accept\u00e9s.\">\n\n\t\t\t\t\t\t<\/div>\n\t\t\t\t\t\t\t\t<div class=\"elementor-field-type-text elementor-field-group elementor-column elementor-field-group-location elementor-col-50\">\n\t\t\t\t\t\t\t\t\t\t\t\t<label for=\"form-field-location\" class=\"elementor-field-label elementor-screen-only\">\n\t\t\t\t\t\t\t\tl'adresse de la propri\u00e9t\u00e9\t\t\t\t\t\t\t<\/label>\n\t\t\t\t\t\t\t\t\t\t\t\t\t\t<input size=\"1\" type=\"text\" name=\"form_fields[location]\" id=\"form-field-location\" class=\"elementor-field elementor-size-sm  elementor-field-textual\" placeholder=\"l&#039;adresse de la propri\u00e9t\u00e9\">\n\t\t\t\t\t\t\t\t\t\t\t<\/div>\n\t\t\t\t\t\t\t\t<div class=\"elementor-field-type-text elementor-field-group elementor-column elementor-field-group-type elementor-col-50\">\n\t\t\t\t\t\t\t\t\t\t\t\t<label for=\"form-field-type\" class=\"elementor-field-label elementor-screen-only\">\n\t\t\t\t\t\t\t\tType de bien\t\t\t\t\t\t\t<\/label>\n\t\t\t\t\t\t\t\t\t\t\t\t\t\t<input size=\"1\" type=\"text\" name=\"form_fields[type]\" id=\"form-field-type\" class=\"elementor-field elementor-size-sm  elementor-field-textual\" placeholder=\"Type de bien\">\n\t\t\t\t\t\t\t\t\t\t\t<\/div>\n\t\t\t\t\t\t\t\t<div class=\"elementor-field-type-text elementor-field-group elementor-column elementor-field-group-field_fa0ad24 elementor-col-50\">\n\t\t\t\t\t\t\t\t\t\t\t\t<label for=\"form-field-field_fa0ad24\" class=\"elementor-field-label elementor-screen-only\">\n\t\t\t\t\t\t\t\tChambres \u00e0 coucher\t\t\t\t\t\t\t<\/label>\n\t\t\t\t\t\t\t\t\t\t\t\t\t\t<input size=\"1\" type=\"text\" name=\"form_fields[field_fa0ad24]\" id=\"form-field-field_fa0ad24\" class=\"elementor-field elementor-size-sm  elementor-field-textual\" placeholder=\"Chambres \u00e0 coucher\">\n\t\t\t\t\t\t\t\t\t\t\t<\/div>\n\t\t\t\t\t\t\t\t<div class=\"elementor-field-type-text elementor-field-group elementor-column elementor-field-group-Bathrooms elementor-col-50\">\n\t\t\t\t\t\t\t\t\t\t\t\t<label for=\"form-field-Bathrooms\" class=\"elementor-field-label elementor-screen-only\">\n\t\t\t\t\t\t\t\tSalles de bains\t\t\t\t\t\t\t<\/label>\n\t\t\t\t\t\t\t\t\t\t\t\t\t\t<input size=\"1\" type=\"text\" name=\"form_fields[Bathrooms]\" id=\"form-field-Bathrooms\" class=\"elementor-field elementor-size-sm  elementor-field-textual\" placeholder=\"Salles de bains\">\n\t\t\t\t\t\t\t\t\t\t\t<\/div>\n\t\t\t\t\t\t\t\t<div class=\"elementor-field-type-textarea elementor-field-group elementor-column elementor-field-group-Details elementor-col-100\">\n\t\t\t\t\t\t\t\t\t\t\t\t<label for=\"form-field-Details\" class=\"elementor-field-label elementor-screen-only\">\n\t\t\t\t\t\t\t\tD\u00e9tails de la propri\u00e9t\u00e9\t\t\t\t\t\t\t<\/label>\n\t\t\t\t\t\t<textarea class=\"elementor-field-textual elementor-field  elementor-size-sm\" name=\"form_fields[Details]\" id=\"form-field-Details\" rows=\"4\" placeholder=\"D\u00e9tails de la propri\u00e9t\u00e9\"><\/textarea>\t\t\t\t<\/div>\n\t\t\t\t\t\t\t\t<div class=\"elementor-field-group elementor-column elementor-field-type-submit elementor-col-100 e-form__buttons\">\n\t\t\t\t\t<button class=\"elementor-button elementor-size-sm\" type=\"submit\">\n\t\t\t\t\t\t<span class=\"elementor-button-content-wrapper\">\n\t\t\t\t\t\t\t\t\t\t\t\t\t\t\t\t\t\t\t\t\t\t<span class=\"elementor-button-text\">Envoyer<\/span>\n\t\t\t\t\t\t\t\t\t\t\t\t\t<\/span>\n\t\t\t\t\t<\/button>\n\t\t\t\t<\/div>\n\t\t\t<\/div>\n\t\t<input\n                    class=\"apbct_special_field apbct_email_id__elementor_form\"\n                    name=\"apbct__email_id__elementor_form\"\n                    aria-label=\"apbct__label_id__elementor_form\"\n                    type=\"text\" size=\"30\" maxlength=\"200\" autocomplete=\"off\"\n                    value=\"\"\n                \/><\/form>\n\t\t\t\t\t\t<\/div>\n\t\t\t\t\t<\/div>\n\t\t<\/div>\n\t\t\t\t\t<\/div>\n\t\t<\/section>\n\t\t\t\t<\/div>\n\t\t","protected":false},"excerpt":{"rendered":"<p>Votre bien n&#8217;est toujours pas vendu ? Nous utilisons une m\u00e9thode unique pour garantir la vente de votre propri\u00e9t\u00e9 &#8211; comment ? Depuis plusieurs ann\u00e9es, nous avons fourni de nouvelles propri\u00e9t\u00e9s \u00e0 plus de 40 agences immobili\u00e8res, toutes avec des clients de diff\u00e9rentes nationalit\u00e9s. Votre propri\u00e9t\u00e9 pourrait \u00eatre la prochaine \u00e0 \u00eatre vendue&#8230; POURQUOI CHOISIR [&hellip;]<\/p>\n","protected":false},"author":1,"featured_media":0,"parent":0,"menu_order":0,"comment_status":"closed","ping_status":"closed","template":"elementor_header_footer","meta":{"_glsr_average":0,"_glsr_ranking":0,"_glsr_reviews":0,"footnotes":""},"class_list":["post-89593","page","type-page","status-publish","hentry"],"_links":{"self":[{"href":"https:\/\/backgroundproperties.com\/fr\/wp-json\/wp\/v2\/pages\/89593","targetHints":{"allow":["GET"]}}],"collection":[{"href":"https:\/\/backgroundproperties.com\/fr\/wp-json\/wp\/v2\/pages"}],"about":[{"href":"https:\/\/backgroundproperties.com\/fr\/wp-json\/wp\/v2\/types\/page"}],"author":[{"embeddable":true,"href":"https:\/\/backgroundproperties.com\/fr\/wp-json\/wp\/v2\/users\/1"}],"replies":[{"embeddable":true,"href":"https:\/\/backgroundproperties.com\/fr\/wp-json\/wp\/v2\/comments?post=89593"}],"version-history":[{"count":0,"href":"https:\/\/backgroundproperties.com\/fr\/wp-json\/wp\/v2\/pages\/89593\/revisions"}],"wp:attachment":[{"href":"https:\/\/backgroundproperties.com\/fr\/wp-json\/wp\/v2\/media?parent=89593"}],"curies":[{"name":"wp","href":"https:\/\/api.w.org\/{rel}","templated":true}]}}