{"id":95197,"date":"2022-05-21T11:29:36","date_gmt":"2022-05-21T09:29:36","guid":{"rendered":"https:\/\/backgroundproperties.com\/nuestras-inmobilarias\/"},"modified":"2026-04-02T16:56:59","modified_gmt":"2026-04-02T14:56:59","slug":"nuestras-inmobilarias","status":"publish","type":"page","link":"https:\/\/backgroundproperties.com\/es\/nuestras-inmobilarias\/","title":{"rendered":"Nuestros agentes inmobiliarios"},"content":{"rendered":"\t\t<div data-elementor-type=\"wp-post\" data-elementor-id=\"95197\" class=\"elementor elementor-95197 elementor-87883\" data-elementor-post-type=\"page\">\n\t\t\t\t\t\t<section class=\"elementor-section elementor-top-section elementor-element elementor-element-5cf03e0 elementor-section-boxed elementor-section-height-default elementor-section-height-default\" data-id=\"5cf03e0\" data-element_type=\"section\" data-e-type=\"section\">\n\t\t\t\t\t\t<div class=\"elementor-container elementor-column-gap-default\">\n\t\t\t\t\t<div class=\"elementor-column elementor-col-100 elementor-top-column elementor-element elementor-element-245586a\" data-id=\"245586a\" data-element_type=\"column\" data-e-type=\"column\">\n\t\t\t<div class=\"elementor-widget-wrap elementor-element-populated\">\n\t\t\t\t\t\t<div class=\"elementor-element elementor-element-600c8d2 elementor-widget elementor-widget-heading\" data-id=\"600c8d2\" data-element_type=\"widget\" data-e-type=\"widget\" data-widget_type=\"heading.default\">\n\t\t\t\t\t<h1 class=\"elementor-heading-title elementor-size-default\">Agentes inmobiliarios<\/h1>\t\t\t\t<\/div>\n\t\t\t\t<div class=\"elementor-element elementor-element-d190eb6 elementor-widget elementor-widget-heading\" data-id=\"d190eb6\" data-element_type=\"widget\" data-e-type=\"widget\" data-widget_type=\"heading.default\">\n\t\t\t\t\t<h2 class=\"elementor-heading-title elementor-size-default\">UNA SOLIDA RED COOPERATIVA EN TODA EUROPA<\/h2>\t\t\t\t<\/div>\n\t\t\t\t<div class=\"elementor-element elementor-element-2cbf5be elementor-widget elementor-widget-text-editor\" data-id=\"2cbf5be\" data-element_type=\"widget\" data-e-type=\"widget\" data-widget_type=\"text-editor.default\">\n\t\t\t\t\t\t\t\t\t<p>Mantenemos una estrecha colaboraci\u00f3n con un selecto grupo de <strong>m\u00e1s de 40 agentes inmobiliarios de confianza<\/strong>, lo que nos permite no solamente promocionar activamente nuestras propiedades en la Costa Blanca, sino tambi\u00e9n llegar a importantes mercados internacionales.<\/p>\n<p>Nuestros agentes inmobiliarios afiliados se encuentran en <strong>Espa\u00f1a, B\u00e9lgica, Pa\u00edses Bajos y Alemania<\/strong>. Esta extensa red nos permite presentar su propiedad a un p\u00fablico amplio y diverso &#8211; desde compradores locales hasta clientes internacionales que buscan activamente una vivienda en Espa\u00f1a.<\/p>\n<p>Gracias a esta s\u00f3lida cooperaci\u00f3n internacional, su propiedad gana visibilidad en m\u00faltiples mercados, aumentando las posibilidades de que encontremos m\u00e1s r\u00e1pidamente el comprador adecuado para usted.<\/p>\n\t\t\t\t\t\t\t\t<\/div>\n\t\t\t\t<div class=\"elementor-element elementor-element-0948606 elementor-widget elementor-widget-heading\" data-id=\"0948606\" data-element_type=\"widget\" data-e-type=\"widget\" data-widget_type=\"heading.default\">\n\t\t\t\t\t<h3 class=\"elementor-heading-title elementor-size-default\"><a href=\"https:\/\/backgroundproperties.com\/es\/inmobiliarias\/\">DESCUBRA NUESTRA RED INTERNACIONAL DE<br \/>PROFESIONALES INMOBILIARIOS<\/a><\/h3>\t\t\t\t<\/div>\n\t\t\t\t\t<\/div>\n\t\t<\/div>\n\t\t\t\t\t<\/div>\n\t\t<\/section>\n\t\t\t\t<\/div>\n\t\t","protected":false},"excerpt":{"rendered":"<p>Agentes inmobiliarios UNA SOLIDA RED COOPERATIVA EN TODA EUROPA Mantenemos una estrecha colaboraci\u00f3n con un selecto grupo de m\u00e1s de 40 agentes inmobiliarios de confianza, lo que nos permite no solamente promocionar activamente nuestras propiedades en la Costa Blanca, sino tambi\u00e9n llegar a importantes mercados internacionales. Nuestros agentes inmobiliarios afiliados se encuentran en Espa\u00f1a, B\u00e9lgica, [&hellip;]<\/p>\n","protected":false},"author":1,"featured_media":0,"parent":0,"menu_order":20,"comment_status":"closed","ping_status":"closed","template":"elementor_header_footer","meta":{"_glsr_average":0,"_glsr_ranking":0,"_glsr_reviews":0,"footnotes":""},"class_list":["post-95197","page","type-page","status-publish","hentry"],"_links":{"self":[{"href":"https:\/\/backgroundproperties.com\/es\/wp-json\/wp\/v2\/pages\/95197","targetHints":{"allow":["GET"]}}],"collection":[{"href":"https:\/\/backgroundproperties.com\/es\/wp-json\/wp\/v2\/pages"}],"about":[{"href":"https:\/\/backgroundproperties.com\/es\/wp-json\/wp\/v2\/types\/page"}],"author":[{"embeddable":true,"href":"https:\/\/backgroundproperties.com\/es\/wp-json\/wp\/v2\/users\/1"}],"replies":[{"embeddable":true,"href":"https:\/\/backgroundproperties.com\/es\/wp-json\/wp\/v2\/comments?post=95197"}],"version-history":[{"count":2,"href":"https:\/\/backgroundproperties.com\/es\/wp-json\/wp\/v2\/pages\/95197\/revisions"}],"predecessor-version":[{"id":2066006,"href":"https:\/\/backgroundproperties.com\/es\/wp-json\/wp\/v2\/pages\/95197\/revisions\/2066006"}],"wp:attachment":[{"href":"https:\/\/backgroundproperties.com\/es\/wp-json\/wp\/v2\/media?parent=95197"}],"curies":[{"name":"wp","href":"https:\/\/api.w.org\/{rel}","templated":true}]}}