{"id":89595,"date":"2022-05-21T11:16:47","date_gmt":"2022-05-21T09:16:47","guid":{"rendered":"https:\/\/backgroundproperties.com\/duenos-de-la-propiedad\/"},"modified":"2025-03-27T18:35:32","modified_gmt":"2025-03-27T17:35:32","slug":"duenos-de-la-propiedad","status":"publish","type":"page","link":"https:\/\/backgroundproperties.com\/es\/duenos-de-la-propiedad\/","title":{"rendered":"Propietarios"},"content":{"rendered":"\t\t<div data-elementor-type=\"wp-page\" data-elementor-id=\"89595\" class=\"elementor elementor-89595 elementor-89287\" data-elementor-post-type=\"page\">\n\t\t\t\t\t\t<section class=\"elementor-section elementor-top-section elementor-element elementor-element-b368016 elementor-section-boxed elementor-section-height-default elementor-section-height-default\" data-id=\"b368016\" data-element_type=\"section\" data-e-type=\"section\">\n\t\t\t\t\t\t<div class=\"elementor-container elementor-column-gap-default\">\n\t\t\t\t\t<div class=\"elementor-column elementor-col-100 elementor-top-column elementor-element elementor-element-43c78f7\" data-id=\"43c78f7\" data-element_type=\"column\" data-e-type=\"column\">\n\t\t\t<div class=\"elementor-widget-wrap elementor-element-populated\">\n\t\t\t\t\t\t<div class=\"elementor-element elementor-element-c54ddfb elementor-widget elementor-widget-heading\" data-id=\"c54ddfb\" data-element_type=\"widget\" data-e-type=\"widget\" data-widget_type=\"heading.default\">\n\t\t\t\t\t<h1 class=\"elementor-heading-title elementor-size-default\">Propietarios<\/h1>\t\t\t\t<\/div>\n\t\t\t\t<div class=\"elementor-element elementor-element-f7cfd9c elementor-widget elementor-widget-text-editor\" data-id=\"f7cfd9c\" data-element_type=\"widget\" data-e-type=\"widget\" data-widget_type=\"text-editor.default\">\n\t\t\t\t\t\t\t\t\t<h2><strong>\u00bfTodav\u00eda no se ha vendido tu vivienda?<\/strong><\/h2>\n<p>Utilizamos un m\u00e9todo \u00fanico para asegurarnos de que tu propiedad se vende, \u00bfc\u00f3mo? Durante varios a\u00f1os hemos suministrado nuevas propiedades a m\u00e1s de 40 Agencias Inmobiliarias, todas con clientes de diferentes nacionalidades. Tu propiedad podr\u00eda ser la pr\u00f3xima en venderse&#8230;<\/p>\n<h3>\u00bfPOR QU\u00c9 ELEGIR BACKGROUND PROPERTIES?<\/h3>\n<ul>\n<li>Fotograf\u00eda del m\u00e1s alto nivel.<\/li>\n<li>M\u00e1s de 40 agencias inmobiliarias trabajando para vender tu propiedad.<\/li>\n<li>Tu propiedad promocionada no s\u00f3lo en Espa\u00f1a sino en toda Europa.<\/li>\n<li>No hay exclusividad.<\/li>\n<\/ul>\n<h3>\u00bfQUIERE SABER M\u00c1S?<\/h3>\n<div>Rellena el siguiente formulario, danos algunos detalles sobre tu propiedad y nos pondremos en contacto contigo.<\/div>\n\t\t\t\t\t\t\t\t<\/div>\n\t\t\t\t<div class=\"elementor-element elementor-element-299b2b8 elementor-button-align-stretch elementor-widget elementor-widget-form\" data-id=\"299b2b8\" data-element_type=\"widget\" data-e-type=\"widget\" data-settings=\"{&quot;step_next_label&quot;:&quot;Siguiente&quot;,&quot;step_previous_label&quot;:&quot;Anterior&quot;,&quot;button_width&quot;:&quot;100&quot;,&quot;step_type&quot;:&quot;number_text&quot;,&quot;step_icon_shape&quot;:&quot;circle&quot;}\" data-widget_type=\"form.default\">\n\t\t\t\t\t\t\t<form class=\"elementor-form\" method=\"post\" name=\"Nuevo formulario\" aria-label=\"Nuevo formulario\">\n\t\t\t<input type=\"hidden\" name=\"post_id\" value=\"89595\"\/>\n\t\t\t<input type=\"hidden\" name=\"form_id\" value=\"299b2b8\"\/>\n\t\t\t<input type=\"hidden\" name=\"referer_title\" value=\"Propietarios\" \/>\n\n\t\t\t\t\t\t\t<input type=\"hidden\" name=\"queried_id\" value=\"89595\"\/>\n\t\t\t\n\t\t\t<div class=\"elementor-form-fields-wrapper elementor-labels-\">\n\t\t\t\t\t\t\t\t<div class=\"elementor-field-type-text elementor-field-group elementor-column elementor-field-group-name elementor-col-100 elementor-field-required\">\n\t\t\t\t\t\t\t\t\t\t\t\t<label for=\"form-field-name\" class=\"elementor-field-label elementor-screen-only\">\n\t\t\t\t\t\t\t\tNombre\t\t\t\t\t\t\t<\/label>\n\t\t\t\t\t\t\t\t\t\t\t\t\t\t<input size=\"1\" type=\"text\" name=\"form_fields[name]\" id=\"form-field-name\" class=\"elementor-field elementor-size-sm  elementor-field-textual\" placeholder=\"Nombre\" required=\"required\">\n\t\t\t\t\t\t\t\t\t\t\t<\/div>\n\t\t\t\t\t\t\t\t<div class=\"elementor-field-type-email elementor-field-group elementor-column elementor-field-group-email elementor-col-50 elementor-field-required\">\n\t\t\t\t\t\t\t\t\t\t\t\t<label for=\"form-field-email\" class=\"elementor-field-label elementor-screen-only\">\n\t\t\t\t\t\t\t\tCorreo electr\u00f3nico\t\t\t\t\t\t\t<\/label>\n\t\t\t\t\t\t\t\t\t\t\t\t\t\t<input size=\"1\" type=\"email\" name=\"form_fields[email]\" id=\"form-field-email\" class=\"elementor-field elementor-size-sm  elementor-field-textual\" placeholder=\"Correo electr\u00f3nico\" required=\"required\">\n\t\t\t\t\t\t\t\t\t\t\t<\/div>\n\t\t\t\t\t\t\t\t<div class=\"elementor-field-type-tel elementor-field-group elementor-column elementor-field-group-Phone elementor-col-50\">\n\t\t\t\t\t\t\t\t\t\t\t\t<label for=\"form-field-Phone\" class=\"elementor-field-label elementor-screen-only\">\n\t\t\t\t\t\t\t\tTel\u00e9fono\t\t\t\t\t\t\t<\/label>\n\t\t\t\t\t\t\t\t<input size=\"1\" type=\"tel\" name=\"form_fields[Phone]\" id=\"form-field-Phone\" class=\"elementor-field elementor-size-sm  elementor-field-textual\" placeholder=\"Tel\u00e9fono\" pattern=\"[0-9()#&amp;+*-=.]+\" title=\"Solo se aceptan n\u00fameros y caracteres de tel\u00e9fono (#,-,*,etc).\">\n\n\t\t\t\t\t\t<\/div>\n\t\t\t\t\t\t\t\t<div class=\"elementor-field-type-text elementor-field-group elementor-column elementor-field-group-location elementor-col-50\">\n\t\t\t\t\t\t\t\t\t\t\t\t<label for=\"form-field-location\" class=\"elementor-field-label elementor-screen-only\">\n\t\t\t\t\t\t\t\tUbicaci\u00f3n de la propiedad\t\t\t\t\t\t\t<\/label>\n\t\t\t\t\t\t\t\t\t\t\t\t\t\t<input size=\"1\" type=\"text\" name=\"form_fields[location]\" id=\"form-field-location\" class=\"elementor-field elementor-size-sm  elementor-field-textual\" placeholder=\"Ubicaci\u00f3n de la propiedad\">\n\t\t\t\t\t\t\t\t\t\t\t<\/div>\n\t\t\t\t\t\t\t\t<div class=\"elementor-field-type-text elementor-field-group elementor-column elementor-field-group-type elementor-col-50\">\n\t\t\t\t\t\t\t\t\t\t\t\t<label for=\"form-field-type\" class=\"elementor-field-label elementor-screen-only\">\n\t\t\t\t\t\t\t\tTipo de propiedad\t\t\t\t\t\t\t<\/label>\n\t\t\t\t\t\t\t\t\t\t\t\t\t\t<input size=\"1\" type=\"text\" name=\"form_fields[type]\" id=\"form-field-type\" class=\"elementor-field elementor-size-sm  elementor-field-textual\" placeholder=\"Tipo de propiedad\">\n\t\t\t\t\t\t\t\t\t\t\t<\/div>\n\t\t\t\t\t\t\t\t<div class=\"elementor-field-type-text elementor-field-group elementor-column elementor-field-group-field_fa0ad24 elementor-col-50\">\n\t\t\t\t\t\t\t\t\t\t\t\t<label for=\"form-field-field_fa0ad24\" class=\"elementor-field-label elementor-screen-only\">\n\t\t\t\t\t\t\t\tDormitorios\t\t\t\t\t\t\t<\/label>\n\t\t\t\t\t\t\t\t\t\t\t\t\t\t<input size=\"1\" type=\"text\" name=\"form_fields[field_fa0ad24]\" id=\"form-field-field_fa0ad24\" class=\"elementor-field elementor-size-sm  elementor-field-textual\" placeholder=\"Dormitorios\">\n\t\t\t\t\t\t\t\t\t\t\t<\/div>\n\t\t\t\t\t\t\t\t<div class=\"elementor-field-type-text elementor-field-group elementor-column elementor-field-group-Bathrooms elementor-col-50\">\n\t\t\t\t\t\t\t\t\t\t\t\t<label for=\"form-field-Bathrooms\" class=\"elementor-field-label elementor-screen-only\">\n\t\t\t\t\t\t\t\tBa\u00f1os\t\t\t\t\t\t\t<\/label>\n\t\t\t\t\t\t\t\t\t\t\t\t\t\t<input size=\"1\" type=\"text\" name=\"form_fields[Bathrooms]\" id=\"form-field-Bathrooms\" class=\"elementor-field elementor-size-sm  elementor-field-textual\" placeholder=\"Ba\u00f1os\">\n\t\t\t\t\t\t\t\t\t\t\t<\/div>\n\t\t\t\t\t\t\t\t<div class=\"elementor-field-type-textarea elementor-field-group elementor-column elementor-field-group-Details elementor-col-100\">\n\t\t\t\t\t\t\t\t\t\t\t\t<label for=\"form-field-Details\" class=\"elementor-field-label elementor-screen-only\">\n\t\t\t\t\t\t\t\tDetalles de la propiedad\t\t\t\t\t\t\t<\/label>\n\t\t\t\t\t\t<textarea class=\"elementor-field-textual elementor-field  elementor-size-sm\" name=\"form_fields[Details]\" id=\"form-field-Details\" rows=\"4\" placeholder=\"Detalles de la propiedad\"><\/textarea>\t\t\t\t<\/div>\n\t\t\t\t\t\t\t\t<div class=\"elementor-field-group elementor-column elementor-field-type-submit elementor-col-100 e-form__buttons\">\n\t\t\t\t\t<button class=\"elementor-button elementor-size-sm\" type=\"submit\">\n\t\t\t\t\t\t<span class=\"elementor-button-content-wrapper\">\n\t\t\t\t\t\t\t\t\t\t\t\t\t\t\t\t\t\t\t\t\t\t<span class=\"elementor-button-text\">Env\u00edar<\/span>\n\t\t\t\t\t\t\t\t\t\t\t\t\t<\/span>\n\t\t\t\t\t<\/button>\n\t\t\t\t<\/div>\n\t\t\t<\/div>\n\t\t<input\n                    class=\"apbct_special_field apbct_email_id__elementor_form\"\n                    name=\"apbct__email_id__elementor_form\"\n                    aria-label=\"apbct__label_id__elementor_form\"\n                    type=\"text\" size=\"30\" maxlength=\"200\" autocomplete=\"off\"\n                    value=\"\"\n                \/><\/form>\n\t\t\t\t\t\t<\/div>\n\t\t\t\t\t<\/div>\n\t\t<\/div>\n\t\t\t\t\t<\/div>\n\t\t<\/section>\n\t\t\t\t<\/div>\n\t\t","protected":false},"excerpt":{"rendered":"<p>\u00bfTodav\u00eda no se ha vendido tu vivienda? Utilizamos un m\u00e9todo \u00fanico para asegurarnos de que tu propiedad se vende, \u00bfc\u00f3mo? Durante varios a\u00f1os hemos suministrado nuevas propiedades a m\u00e1s de 40 Agencias Inmobiliarias, todas con clientes de diferentes nacionalidades. Tu propiedad podr\u00eda ser la pr\u00f3xima en venderse&#8230; \u00bfPOR QU\u00c9 ELEGIR BACKGROUND PROPERTIES? Fotograf\u00eda del m\u00e1s [&hellip;]<\/p>\n","protected":false},"author":1,"featured_media":0,"parent":0,"menu_order":0,"comment_status":"closed","ping_status":"closed","template":"elementor_header_footer","meta":{"_glsr_average":0,"_glsr_ranking":0,"_glsr_reviews":0,"footnotes":""},"class_list":["post-89595","page","type-page","status-publish","hentry"],"_links":{"self":[{"href":"https:\/\/backgroundproperties.com\/es\/wp-json\/wp\/v2\/pages\/89595","targetHints":{"allow":["GET"]}}],"collection":[{"href":"https:\/\/backgroundproperties.com\/es\/wp-json\/wp\/v2\/pages"}],"about":[{"href":"https:\/\/backgroundproperties.com\/es\/wp-json\/wp\/v2\/types\/page"}],"author":[{"embeddable":true,"href":"https:\/\/backgroundproperties.com\/es\/wp-json\/wp\/v2\/users\/1"}],"replies":[{"embeddable":true,"href":"https:\/\/backgroundproperties.com\/es\/wp-json\/wp\/v2\/comments?post=89595"}],"version-history":[{"count":0,"href":"https:\/\/backgroundproperties.com\/es\/wp-json\/wp\/v2\/pages\/89595\/revisions"}],"wp:attachment":[{"href":"https:\/\/backgroundproperties.com\/es\/wp-json\/wp\/v2\/media?parent=89595"}],"curies":[{"name":"wp","href":"https:\/\/api.w.org\/{rel}","templated":true}]}}