{"id":88466,"date":"2022-05-21T11:29:35","date_gmt":"2022-05-21T09:29:35","guid":{"rendered":"https:\/\/backgroundproperties.com\/calidad-de-fotos\/"},"modified":"2026-04-02T16:55:54","modified_gmt":"2026-04-02T14:55:54","slug":"calidad-de-fotos","status":"publish","type":"page","link":"https:\/\/backgroundproperties.com\/es\/calidad-de-fotos\/","title":{"rendered":"Calidad de fotos"},"content":{"rendered":"\t\t<div data-elementor-type=\"wp-post\" data-elementor-id=\"88466\" class=\"elementor elementor-88466 elementor-87881\" data-elementor-post-type=\"page\">\n\t\t\t\t<div class=\"elementor-element elementor-element-8201e30 e-con-full e-flex e-con e-parent\" data-id=\"8201e30\" data-element_type=\"container\" data-e-type=\"container\">\n\t\t<div class=\"elementor-element elementor-element-4c29789 e-con-full e-flex e-con e-child\" data-id=\"4c29789\" data-element_type=\"container\" data-e-type=\"container\">\n\t\t\t\t<div class=\"elementor-element elementor-element-4a64c50 elementor-widget elementor-widget-heading\" data-id=\"4a64c50\" data-element_type=\"widget\" data-e-type=\"widget\" data-widget_type=\"heading.default\">\n\t\t\t\t\t<h1 class=\"elementor-heading-title elementor-size-default\">Calidad de fotos<\/h1>\t\t\t\t<\/div>\n\t\t\t\t<div class=\"elementor-element elementor-element-23a9be4 elementor-widget elementor-widget-text-editor\" data-id=\"23a9be4\" data-element_type=\"widget\" data-e-type=\"widget\" data-widget_type=\"text-editor.default\">\n\t\t\t\t\t\t\t\t\t<p>En Background Properties, nos aseguramos de que su propiedad se muestre en todo su esplendor.<\/p>\n<p>Por eso ofrecemos <strong>fotograf\u00eda profesional<\/strong> que capta la verdadera esencia de su<br \/>hogar.<\/p>\n<p>\u2714 Impresionantes tomas con <strong>drones<\/strong> que describen a la perfecci\u00f3n la ubicaci\u00f3n y los alrededores.<br \/>\u2714 Atmosf\u00e9ricas tomas<strong> interiores y exteriores<\/strong> que realzan el car\u00e1cter de la\u00a0 propiedad.<br \/>\u2714 <strong>Tomas detalladas<\/strong> que revelan las caracter\u00edsticas \u00fanicas y la artesan\u00eda<\/p>\n<p>\u00a1Con esto, nos aseguramos de que su casa se vea y se venda!<\/p>\n\t\t\t\t\t\t\t\t<\/div>\n\t\t\t\t<div class=\"elementor-element elementor-element-946083f elementor-widget elementor-widget-gallery\" data-id=\"946083f\" data-element_type=\"widget\" data-e-type=\"widget\" data-settings=\"{&quot;gap&quot;:{&quot;unit&quot;:&quot;px&quot;,&quot;size&quot;:30,&quot;sizes&quot;:[]},&quot;aspect_ratio&quot;:&quot;1:1&quot;,&quot;lazyload&quot;:&quot;yes&quot;,&quot;gallery_layout&quot;:&quot;grid&quot;,&quot;columns&quot;:4,&quot;columns_tablet&quot;:2,&quot;columns_mobile&quot;:1,&quot;gap_tablet&quot;:{&quot;unit&quot;:&quot;px&quot;,&quot;size&quot;:10,&quot;sizes&quot;:[]},&quot;gap_mobile&quot;:{&quot;unit&quot;:&quot;px&quot;,&quot;size&quot;:10,&quot;sizes&quot;:[]},&quot;link_to&quot;:&quot;file&quot;,&quot;overlay_background&quot;:&quot;yes&quot;,&quot;content_hover_animation&quot;:&quot;fade-in&quot;}\" data-widget_type=\"gallery.default\">\n\t\t\t\t\t\t\t<div class=\"elementor-gallery__container\">\n\t\t\t\t\t\t\t<a class=\"e-gallery-item elementor-gallery-item elementor-animated-content\" href=\"https:\/\/backgroundproperties.com\/wp-content\/uploads\/2025\/06\/4-tab.jpg\" data-elementor-open-lightbox=\"yes\" data-elementor-lightbox-slideshow=\"946083f\" data-elementor-lightbox-title=\"4-tab\" data-e-action-hash=\"#elementor-action%3Aaction%3Dlightbox%26settings%3DeyJpZCI6MjAyNDk0MCwidXJsIjoiaHR0cHM6XC9cL2JhY2tncm91bmRwcm9wZXJ0aWVzLmNvbVwvd3AtY29udGVudFwvdXBsb2Fkc1wvMjAyNVwvMDZcLzQtdGFiLmpwZyIsInNsaWRlc2hvdyI6Ijk0NjA4M2YifQ%3D%3D\">\n\t\t\t\t\t<div class=\"e-gallery-image elementor-gallery-item__image\" data-thumbnail=\"https:\/\/backgroundproperties.com\/wp-content\/uploads\/2025\/06\/4-tab-768x512.jpg\" data-width=\"768\" data-height=\"512\" aria-label=\"\" role=\"img\" ><\/div>\n\t\t\t\t\t\t\t\t\t\t\t<div class=\"elementor-gallery-item__overlay\"><\/div>\n\t\t\t\t\t\t\t\t\t\t\t\t\t\t<\/a>\n\t\t\t\t\t\t\t<a class=\"e-gallery-item elementor-gallery-item elementor-animated-content\" href=\"https:\/\/backgroundproperties.com\/wp-content\/uploads\/2025\/06\/1-tab.jpg\" data-elementor-open-lightbox=\"yes\" data-elementor-lightbox-slideshow=\"946083f\" data-elementor-lightbox-title=\"DCIM100MEDIADJI_0047.JPG\" data-e-action-hash=\"#elementor-action%3Aaction%3Dlightbox%26settings%3DeyJpZCI6MjAyNDk0NSwidXJsIjoiaHR0cHM6XC9cL2JhY2tncm91bmRwcm9wZXJ0aWVzLmNvbVwvd3AtY29udGVudFwvdXBsb2Fkc1wvMjAyNVwvMDZcLzEtdGFiLmpwZyIsInNsaWRlc2hvdyI6Ijk0NjA4M2YifQ%3D%3D\">\n\t\t\t\t\t<div class=\"e-gallery-image elementor-gallery-item__image\" data-thumbnail=\"https:\/\/backgroundproperties.com\/wp-content\/uploads\/2025\/06\/1-tab-768x432.jpg\" data-width=\"768\" data-height=\"432\" aria-label=\"\" role=\"img\" ><\/div>\n\t\t\t\t\t\t\t\t\t\t\t<div class=\"elementor-gallery-item__overlay\"><\/div>\n\t\t\t\t\t\t\t\t\t\t\t\t\t\t<\/a>\n\t\t\t\t\t\t\t<a class=\"e-gallery-item elementor-gallery-item elementor-animated-content\" href=\"https:\/\/backgroundproperties.com\/wp-content\/uploads\/2025\/06\/2-tab.jpg\" data-elementor-open-lightbox=\"yes\" data-elementor-lightbox-slideshow=\"946083f\" data-elementor-lightbox-title=\"2 - tab\" data-e-action-hash=\"#elementor-action%3Aaction%3Dlightbox%26settings%3DeyJpZCI6MjAyNDk1MCwidXJsIjoiaHR0cHM6XC9cL2JhY2tncm91bmRwcm9wZXJ0aWVzLmNvbVwvd3AtY29udGVudFwvdXBsb2Fkc1wvMjAyNVwvMDZcLzItdGFiLmpwZyIsInNsaWRlc2hvdyI6Ijk0NjA4M2YifQ%3D%3D\">\n\t\t\t\t\t<div class=\"e-gallery-image elementor-gallery-item__image\" data-thumbnail=\"https:\/\/backgroundproperties.com\/wp-content\/uploads\/2025\/06\/2-tab-768x512.jpg\" data-width=\"768\" data-height=\"512\" aria-label=\"\" role=\"img\" ><\/div>\n\t\t\t\t\t\t\t\t\t\t\t<div class=\"elementor-gallery-item__overlay\"><\/div>\n\t\t\t\t\t\t\t\t\t\t\t\t\t\t<\/a>\n\t\t\t\t\t\t\t<a class=\"e-gallery-item elementor-gallery-item elementor-animated-content\" href=\"https:\/\/backgroundproperties.com\/wp-content\/uploads\/2025\/06\/3-tab.jpg\" data-elementor-open-lightbox=\"yes\" data-elementor-lightbox-slideshow=\"946083f\" data-elementor-lightbox-title=\"3 - tab\" data-e-action-hash=\"#elementor-action%3Aaction%3Dlightbox%26settings%3DeyJpZCI6MjAyNDk1NSwidXJsIjoiaHR0cHM6XC9cL2JhY2tncm91bmRwcm9wZXJ0aWVzLmNvbVwvd3AtY29udGVudFwvdXBsb2Fkc1wvMjAyNVwvMDZcLzMtdGFiLmpwZyIsInNsaWRlc2hvdyI6Ijk0NjA4M2YifQ%3D%3D\">\n\t\t\t\t\t<div class=\"e-gallery-image elementor-gallery-item__image\" data-thumbnail=\"https:\/\/backgroundproperties.com\/wp-content\/uploads\/2025\/06\/3-tab-768x512.jpg\" data-width=\"768\" data-height=\"512\" aria-label=\"\" role=\"img\" ><\/div>\n\t\t\t\t\t\t\t\t\t\t\t<div class=\"elementor-gallery-item__overlay\"><\/div>\n\t\t\t\t\t\t\t\t\t\t\t\t\t\t<\/a>\n\t\t\t\t\t<\/div>\n\t\t\t\t\t<\/div>\n\t\t\t\t<div class=\"elementor-element elementor-element-697036e elementor-align-center elementor-widget elementor-widget-button\" data-id=\"697036e\" data-element_type=\"widget\" data-e-type=\"widget\" data-widget_type=\"button.default\">\n\t\t\t\t\t\t\t\t\t\t<a class=\"elementor-button elementor-button-link elementor-size-sm\" href=\"https:\/\/backgroundproperties.com\/es\/calidad-de-fotos\/mas-fotos\/\">\n\t\t\t\t\t\t<span class=\"elementor-button-content-wrapper\">\n\t\t\t\t\t\t\t\t\t<span class=\"elementor-button-text\">Ver m\u00e1s fotos<\/span>\n\t\t\t\t\t<\/span>\n\t\t\t\t\t<\/a>\n\t\t\t\t\t\t\t\t<\/div>\n\t\t\t\t<\/div>\n\t\t\t\t<\/div>\n\t\t\t\t<\/div>\n\t\t","protected":false},"excerpt":{"rendered":"<p>En Background Properties, nos aseguramos de que su propiedad se muestre en todo su esplendor. Por eso ofrecemos fotograf\u00eda profesional que capta la verdadera esencia de suhogar. \u2714 Impresionantes tomas con drones que describen a la perfecci\u00f3n la ubicaci\u00f3n y los alrededores.\u2714 Atmosf\u00e9ricas tomas interiores y exteriores que realzan el car\u00e1cter de la\u00a0 propiedad.\u2714 Tomas [&hellip;]<\/p>\n","protected":false},"author":1,"featured_media":0,"parent":0,"menu_order":10,"comment_status":"closed","ping_status":"closed","template":"elementor_header_footer","meta":{"_glsr_average":0,"_glsr_ranking":0,"_glsr_reviews":0,"footnotes":""},"class_list":["post-88466","page","type-page","status-publish","hentry"],"_links":{"self":[{"href":"https:\/\/backgroundproperties.com\/es\/wp-json\/wp\/v2\/pages\/88466","targetHints":{"allow":["GET"]}}],"collection":[{"href":"https:\/\/backgroundproperties.com\/es\/wp-json\/wp\/v2\/pages"}],"about":[{"href":"https:\/\/backgroundproperties.com\/es\/wp-json\/wp\/v2\/types\/page"}],"author":[{"embeddable":true,"href":"https:\/\/backgroundproperties.com\/es\/wp-json\/wp\/v2\/users\/1"}],"replies":[{"embeddable":true,"href":"https:\/\/backgroundproperties.com\/es\/wp-json\/wp\/v2\/comments?post=88466"}],"version-history":[{"count":2,"href":"https:\/\/backgroundproperties.com\/es\/wp-json\/wp\/v2\/pages\/88466\/revisions"}],"predecessor-version":[{"id":2065997,"href":"https:\/\/backgroundproperties.com\/es\/wp-json\/wp\/v2\/pages\/88466\/revisions\/2065997"}],"wp:attachment":[{"href":"https:\/\/backgroundproperties.com\/es\/wp-json\/wp\/v2\/media?parent=88466"}],"curies":[{"name":"wp","href":"https:\/\/api.w.org\/{rel}","templated":true}]}}