{"id":2010757,"date":"2019-04-02T14:55:04","date_gmt":"2019-04-02T12:55:04","guid":{"rendered":"https:\/\/backgroundproperties.com\/aviso-legal\/"},"modified":"2026-04-02T08:55:46","modified_gmt":"2026-04-02T06:55:46","slug":"aviso-legal","status":"publish","type":"page","link":"https:\/\/backgroundproperties.com\/en\/aviso-legal\/","title":{"rendered":"Aviso Legal"},"content":{"rendered":"\t\t<div data-elementor-type=\"wp-page\" data-elementor-id=\"2010757\" class=\"elementor elementor-2010757 elementor-3\" data-elementor-post-type=\"page\">\n\t\t\t\t<div class=\"elementor-element elementor-element-577ace92 e-flex e-con-boxed e-con e-parent\" data-id=\"577ace92\" data-element_type=\"container\" data-e-type=\"container\">\n\t\t\t\t\t<div class=\"e-con-inner\">\n\t\t\t\t<div class=\"elementor-element elementor-element-11525f71 elementor-widget elementor-widget-text-editor\" data-id=\"11525f71\" data-element_type=\"widget\" data-e-type=\"widget\" data-widget_type=\"text-editor.default\">\n\t\t\t\t\t\t\t\t\tCon la finalidad de dar cumplimiento al articulo 10 de la Ley 34\/2002 de Servicios de la Sociedad de la Informaci\u00f3n y Comercio Electr\u00f3nico, informamos al usuario de nuestros datos:\r\n\r\nDenominaci\u00f3n Social: Filip van Horenbeeck\r\nNombre Comercial: Background Properties\r\nCIF: Y4016867T\r\nDomicilio: Carrer de la Vinya 20, 03730 Javea (Alicante)\r\nTel\u00e9fono: (+34) 670 412\u00a0 191\r\ne-Mail: hola@backgroundproperties.com\r\nDatos registrales:\r\nPagina Web:\u00a0<a href=\"https:\/\/backgroundproperties.com\/\">backgroundproperties.com<\/a>\r\n<h3>Objeto<\/h3>\r\nEl prestador, responsable del sitio web, pone a disposici\u00f3n de los usuarios el presente documento con el que pretende dar cumplimiento a las obligaciones dispuestas en la Ley 34\/2002, de Servicios de la Sociedad de la Informaci\u00f3n y del Comercio Electr\u00f3nico (LSSI-CE), as\u00ed como informar a todos los usuarios del sitio web respecto a cu\u00e1les son las condiciones de uso del sitio web.\r\n\r\nToda persona que acceda a este sitio web asume el papel de usuario, comprometi\u00e9ndose a la observancia y cumplimiento riguroso de las disposiciones aqu\u00ed dispuestas, as\u00ed como a cualesquiera otra disposici\u00f3n legal que fuera de aplicaci\u00f3n.\r\n\r\nEl prestador se reserva el derecho a modificar cualquier tipo de informaci\u00f3n que pudiera aparecer en el sitio web, sin que exista obligaci\u00f3n de preavisar o poner en conocimiento de los usuarios dichas obligaciones, entendi\u00e9ndose como suficiente con la publicaci\u00f3n en el sitio web del prestador.\r\n<h3>Responsabilidad<\/h3>\r\nEl prestador se exime de cualquier tipo de responsabilidad derivada de la informaci\u00f3n publicada en su sitio web, siempre que esta informaci\u00f3n haya sido manipulada o introducida por un tercero ajeno al mismo.\r\n\r\nEl sitio web del prestador puede utilizar cookies (peque\u00f1os archivos de informaci\u00f3n que el servidor env\u00eda al ordenador de quien accede a la p\u00e1gina) para llevar a cabo determinadas funciones que son consideradas imprescindibles para el correcto funcionamiento y visualizaci\u00f3n del sitio. Las cookies utilizadas en el sitio web tienen, en todo caso, car\u00e1cter temporal con la \u00fanica finalidad de hacer m\u00e1s eficaz su transmisi\u00f3n ulterior y desaparecen al terminar la sesi\u00f3n del usuario. En ning\u00fan caso se utilizar\u00e1n las cookies para recoger informaci\u00f3n de car\u00e1cter personal.\r\n\r\nDesde el sitio web del cliente es posible que se redirija a contenidos de terceros sitios web. Dado que el prestador no puede controlar siempre los contenidos introducidos por los terceros en sus sitios web, \u00e9ste no asume ning\u00fan tipo de responsabilidad respecto a dichos contenidos. En todo caso, el prestador manifiesta que proceder\u00e1 a la retirada inmediata de cualquier contenido que pudiera contravenir la legislaci\u00f3n nacional o internacional, la moral o el orden p\u00fablico, procediendo a la retirada inmediata de la redirecci\u00f3n a dicho sitio web, poniendo en conocimiento de las autoridades competentes el contenido en cuesti\u00f3n.\r\n\r\n<strong>El prestador no se hace responsable de la informaci\u00f3n y contenidos almacenados, a t\u00edtulo enunciativo pero no limitativo, en foros, chats, generadores de blogs, comentarios, redes sociales o cualesquiera otro medio que permita a terceros publicar contenidos de forma independiente en la p\u00e1gina web del prestador. No obstante y en cumplimiento de lo dispuesto en el art. 11 y 16 de la LSSI-CE, el prestador se pone a disposici\u00f3n de todos los usuarios, autoridades y fuerzas de seguridad, y colaborando de forma activa en la retirada o en su caso bloqueo de todos aquellos contenidos que pudieran afectar o contravenir la legislaci\u00f3n nacional, o internacional, derechos de terceros o la moral y el orden p\u00fablico. En caso de que el usuario considere que existe en el sitio web alg\u00fan contenido que pudiera ser susceptible de esta clasificaci\u00f3n, se ruega lo notifique de forma inmediata al administrador del sitio web.<\/strong>\r\n\r\nEste sitio web ha sido revisado y probado para que funcione correctamente. En principio, puede garantizarse el correcto funcionamiento los 365 d\u00edas del a\u00f1o, 24 horas al d\u00eda. No obstante, el prestador no descarta la posibilidad de que existan ciertos errores de programaci\u00f3n, o que acontezcan causas de fuerza mayor, cat\u00e1strofes naturales, huelgas, o circunstancias semejantes que hagan imposible el acceso a la p\u00e1gina web.\r\n<h3>Propiedad Intelectual e industrial<\/h3>\r\nEl sitio web, incluyendo a t\u00edtulo enunciativo pero no limitativo su programaci\u00f3n, edici\u00f3n, compilaci\u00f3n y dem\u00e1s elementos necesarios para su funcionamiento, los dise\u00f1os, logotipos, texto y\/o gr\u00e1ficos son propiedad del prestador o en su caso dispone de licencia o autorizaci\u00f3n expresa por parte de los autores. Todos los contenidos del sitio web se encuentran debidamente protegidos por la normativa de propiedad intelectual e industrial, as\u00ed como inscritos en los registros p\u00fablicos correspondientes.\r\n\r\nIndependientemente de la finalidad para la que fueran destinados, la reproducci\u00f3n total o parcial, uso, explotaci\u00f3n, distribuci\u00f3n y comercializaci\u00f3n, requiere en todo caso de la autorizaci\u00f3n escrita previa por parte del prestador. Cualquier uso no autorizado previamente por parte del prestador ser\u00e1 considerado un incumplimiento grave de los derechos de propiedad intelectual o industrial del autor.\r\n\r\nLos dise\u00f1os, logotipos, texto y\/o gr\u00e1ficos ajenos al prestador y que pudieran aparecer en el sitio web, pertenecen a sus respectivos propietarios, siendo ellos mismos responsables de cualquier posible controversia que pudiera suscitarse respecto a los mismos. En todo caso, el prestador cuenta con la autorizaci\u00f3n expresa y previa por parte de los mismos.\r\n\r\nEl prestador NO AUTORIZA expresamente a que terceros puedan redirigir directamente a los contenidos concretos del sitio web, debiendo en todo caso redirigir al sitio web principal del prestador.\r\n\r\nEl prestador reconoce a favor de sus titulares los correspondientes derechos de propiedad industrial e intelectual, no implicando su sola menci\u00f3n o aparici\u00f3n en el sitio web la existencia de derechos o responsabilidad alguna del prestador sobre los mismos, como tampoco respaldo, patrocinio o recomendaci\u00f3n por parte del mismo.\r\n\r\nPara realizar cualquier tipo de observaci\u00f3n respecto a posibles incumplimientos de los derechos de propiedad intelectual o industrial, as\u00ed como sobre cualquiera de los contenidos del sitio web, puede hacerlo a trav\u00e9s del siguiente correo electr\u00f3nico.\r\n<h3>Ley Aplicable y Jurisdicci\u00f3n<\/h3>\r\nPara la resoluci\u00f3n de todas las controversias o cuestiones relacionadas con el presente sitio web o de las actividades en \u00e9l desarrolladas, ser\u00e1 de aplicaci\u00f3n la legislaci\u00f3n espa\u00f1ola, a la que se someten expresamente las partes, siendo competentes para la resoluci\u00f3n de todos los conflictos derivados o relacionados con su uso los Juzgados y Tribunales de ELCHE.\t\t\t\t\t\t\t\t<\/div>\n\t\t\t\t\t<\/div>\n\t\t\t\t<\/div>\n\t\t\t\t<\/div>\n\t\t","protected":false},"excerpt":{"rendered":"<p>Con la finalidad de dar cumplimiento al articulo 10 de la Ley 34\/2002 de Servicios de la Sociedad de la Informaci\u00f3n y Comercio Electr\u00f3nico, informamos al usuario de nuestros datos: Denominaci\u00f3n Social: Filip van Horenbeeck Nombre Comercial: Background Properties CIF: Y4016867T Domicilio: Carrer de la Vinya 20, 03730 Javea (Alicante) Tel\u00e9fono: (+34) 670 412\u00a0 191 [&hellip;]<\/p>\n","protected":false},"author":1,"featured_media":0,"parent":0,"menu_order":2002,"comment_status":"closed","ping_status":"closed","template":"elementor_header_footer","meta":{"_glsr_average":0,"_glsr_ranking":0,"_glsr_reviews":0,"footnotes":""},"class_list":["post-2010757","page","type-page","status-publish","hentry"],"_links":{"self":[{"href":"https:\/\/backgroundproperties.com\/en\/wp-json\/wp\/v2\/pages\/2010757","targetHints":{"allow":["GET"]}}],"collection":[{"href":"https:\/\/backgroundproperties.com\/en\/wp-json\/wp\/v2\/pages"}],"about":[{"href":"https:\/\/backgroundproperties.com\/en\/wp-json\/wp\/v2\/types\/page"}],"author":[{"embeddable":true,"href":"https:\/\/backgroundproperties.com\/en\/wp-json\/wp\/v2\/users\/1"}],"replies":[{"embeddable":true,"href":"https:\/\/backgroundproperties.com\/en\/wp-json\/wp\/v2\/comments?post=2010757"}],"version-history":[{"count":1,"href":"https:\/\/backgroundproperties.com\/en\/wp-json\/wp\/v2\/pages\/2010757\/revisions"}],"predecessor-version":[{"id":2065952,"href":"https:\/\/backgroundproperties.com\/en\/wp-json\/wp\/v2\/pages\/2010757\/revisions\/2065952"}],"wp:attachment":[{"href":"https:\/\/backgroundproperties.com\/en\/wp-json\/wp\/v2\/media?parent=2010757"}],"curies":[{"name":"wp","href":"https:\/\/api.w.org\/{rel}","templated":true}]}}