{"id":89591,"date":"2022-05-21T11:16:47","date_gmt":"2022-05-21T09:16:47","guid":{"rendered":"https:\/\/backgroundproperties.com\/eigentuemer\/"},"modified":"2025-03-27T18:34:41","modified_gmt":"2025-03-27T17:34:41","slug":"eigentuemer","status":"publish","type":"page","link":"https:\/\/backgroundproperties.com\/de\/eigentuemer\/","title":{"rendered":"Immobilienbesitzer"},"content":{"rendered":"\t\t<div data-elementor-type=\"wp-page\" data-elementor-id=\"89591\" class=\"elementor elementor-89591 elementor-89287\" data-elementor-post-type=\"page\">\n\t\t\t\t\t\t<section class=\"elementor-section elementor-top-section elementor-element elementor-element-b368016 elementor-section-boxed elementor-section-height-default elementor-section-height-default\" data-id=\"b368016\" data-element_type=\"section\" data-e-type=\"section\">\n\t\t\t\t\t\t<div class=\"elementor-container elementor-column-gap-default\">\n\t\t\t\t\t<div class=\"elementor-column elementor-col-100 elementor-top-column elementor-element elementor-element-43c78f7\" data-id=\"43c78f7\" data-element_type=\"column\" data-e-type=\"column\">\n\t\t\t<div class=\"elementor-widget-wrap elementor-element-populated\">\n\t\t\t\t\t\t<div class=\"elementor-element elementor-element-c54ddfb elementor-widget elementor-widget-heading\" data-id=\"c54ddfb\" data-element_type=\"widget\" data-e-type=\"widget\" data-widget_type=\"heading.default\">\n\t\t\t\t\t<h1 class=\"elementor-heading-title elementor-size-default\">Immobilienbesitzer<\/h1>\t\t\t\t<\/div>\n\t\t\t\t<div class=\"elementor-element elementor-element-f7cfd9c elementor-widget elementor-widget-text-editor\" data-id=\"f7cfd9c\" data-element_type=\"widget\" data-e-type=\"widget\" data-widget_type=\"text-editor.default\">\n\t\t\t\t\t\t\t\t\t<h2><strong>Ist Ihre Immobilie noch nicht verkauft?<\/strong><\/h2>\n<p>Wir stellen auf einzigartige Weise sicher, dass Ihre Immobilie verkauft wird &#8211; wie? Seit mehreren Jahren haben wir mehr als 40 Immobilienagenturen mit neuen Immobilien beliefert, alle mit Kunden verschiedener Nationalit\u00e4ten. Ihre Immobilie k\u00f6nnte die n\u00e4chste sein, die verkauft wird&#8230;<\/p>\n<h3>WARUM SOLLTEN SIE SICH F\u00dcR HINTERGRUNDEIGENSCHAFTEN ENTSCHEIDEN?<\/h3>\n<ul>\n<li>Fotografie auf h\u00f6chstem Niveau.<\/li>\n<li>Mehr als 40 Immobilienmakler arbeiten daran, Ihre Immobilie zu verkaufen.<\/li>\n<li>Ihre Immobilie wird nicht nur in Spanien, sondern in ganz Europa beworben.<\/li>\n<li>Keine Exklusivit\u00e4t.<\/li>\n<\/ul>\n<h3>M\u00d6CHTEN SIE MEHR ERFAHREN?<\/h3>\n<div>F\u00fcllen Sie das untenstehende Formular aus, geben Sie uns einige Details zu Ihrer Immobilie und wir werden uns mit Ihnen in Verbindung setzen!<\/div>\n\t\t\t\t\t\t\t\t<\/div>\n\t\t\t\t<div class=\"elementor-element elementor-element-299b2b8 elementor-button-align-stretch elementor-widget elementor-widget-form\" data-id=\"299b2b8\" data-element_type=\"widget\" data-e-type=\"widget\" data-settings=\"{&quot;step_next_label&quot;:&quot;N\\u00e4chste&quot;,&quot;step_previous_label&quot;:&quot;Vorherige&quot;,&quot;button_width&quot;:&quot;100&quot;,&quot;step_type&quot;:&quot;number_text&quot;,&quot;step_icon_shape&quot;:&quot;circle&quot;}\" data-widget_type=\"form.default\">\n\t\t\t\t\t\t\t<form class=\"elementor-form\" method=\"post\" name=\"Neue Form\" aria-label=\"Neue Form\">\n\t\t\t<input type=\"hidden\" name=\"post_id\" value=\"89591\"\/>\n\t\t\t<input type=\"hidden\" name=\"form_id\" value=\"299b2b8\"\/>\n\t\t\t<input type=\"hidden\" name=\"referer_title\" value=\"\" \/>\n\n\t\t\t\n\t\t\t<div class=\"elementor-form-fields-wrapper elementor-labels-\">\n\t\t\t\t\t\t\t\t<div class=\"elementor-field-type-text elementor-field-group elementor-column elementor-field-group-name elementor-col-100 elementor-field-required\">\n\t\t\t\t\t\t\t\t\t\t\t\t<label for=\"form-field-name\" class=\"elementor-field-label elementor-screen-only\">\n\t\t\t\t\t\t\t\tName\t\t\t\t\t\t\t<\/label>\n\t\t\t\t\t\t\t\t\t\t\t\t\t\t<input size=\"1\" type=\"text\" name=\"form_fields[name]\" id=\"form-field-name\" class=\"elementor-field elementor-size-sm  elementor-field-textual\" placeholder=\"Name\" required=\"required\">\n\t\t\t\t\t\t\t\t\t\t\t<\/div>\n\t\t\t\t\t\t\t\t<div class=\"elementor-field-type-email elementor-field-group elementor-column elementor-field-group-email elementor-col-50 elementor-field-required\">\n\t\t\t\t\t\t\t\t\t\t\t\t<label for=\"form-field-email\" class=\"elementor-field-label elementor-screen-only\">\n\t\t\t\t\t\t\t\tE-Mail\t\t\t\t\t\t\t<\/label>\n\t\t\t\t\t\t\t\t\t\t\t\t\t\t<input size=\"1\" type=\"email\" name=\"form_fields[email]\" id=\"form-field-email\" class=\"elementor-field elementor-size-sm  elementor-field-textual\" placeholder=\"E-Mail\" required=\"required\">\n\t\t\t\t\t\t\t\t\t\t\t<\/div>\n\t\t\t\t\t\t\t\t<div class=\"elementor-field-type-tel elementor-field-group elementor-column elementor-field-group-Phone elementor-col-50\">\n\t\t\t\t\t\t\t\t\t\t\t\t<label for=\"form-field-Phone\" class=\"elementor-field-label elementor-screen-only\">\n\t\t\t\t\t\t\t\tTelefon\t\t\t\t\t\t\t<\/label>\n\t\t\t\t\t\t\t\t<input size=\"1\" type=\"tel\" name=\"form_fields[Phone]\" id=\"form-field-Phone\" class=\"elementor-field elementor-size-sm  elementor-field-textual\" placeholder=\"Telefon\" pattern=\"[0-9()#&amp;+*-=.]+\" title=\"Nur Nummern oder Telefon-Zeichen (#, -, *, etc) werden akzeptiert.\">\n\n\t\t\t\t\t\t<\/div>\n\t\t\t\t\t\t\t\t<div class=\"elementor-field-type-text elementor-field-group elementor-column elementor-field-group-location elementor-col-50\">\n\t\t\t\t\t\t\t\t\t\t\t\t<label for=\"form-field-location\" class=\"elementor-field-label elementor-screen-only\">\n\t\t\t\t\t\t\t\tStandort der Immobilie\t\t\t\t\t\t\t<\/label>\n\t\t\t\t\t\t\t\t\t\t\t\t\t\t<input size=\"1\" type=\"text\" name=\"form_fields[location]\" id=\"form-field-location\" class=\"elementor-field elementor-size-sm  elementor-field-textual\" placeholder=\"Standort der Immobilie\">\n\t\t\t\t\t\t\t\t\t\t\t<\/div>\n\t\t\t\t\t\t\t\t<div class=\"elementor-field-type-text elementor-field-group elementor-column elementor-field-group-type elementor-col-50\">\n\t\t\t\t\t\t\t\t\t\t\t\t<label for=\"form-field-type\" class=\"elementor-field-label elementor-screen-only\">\n\t\t\t\t\t\t\t\tArt der Immobilie\t\t\t\t\t\t\t<\/label>\n\t\t\t\t\t\t\t\t\t\t\t\t\t\t<input size=\"1\" type=\"text\" name=\"form_fields[type]\" id=\"form-field-type\" class=\"elementor-field elementor-size-sm  elementor-field-textual\" placeholder=\"Art der Immobilie\">\n\t\t\t\t\t\t\t\t\t\t\t<\/div>\n\t\t\t\t\t\t\t\t<div class=\"elementor-field-type-text elementor-field-group elementor-column elementor-field-group-field_fa0ad24 elementor-col-50\">\n\t\t\t\t\t\t\t\t\t\t\t\t<label for=\"form-field-field_fa0ad24\" class=\"elementor-field-label elementor-screen-only\">\n\t\t\t\t\t\t\t\tSchlafzimmer\t\t\t\t\t\t\t<\/label>\n\t\t\t\t\t\t\t\t\t\t\t\t\t\t<input size=\"1\" type=\"text\" name=\"form_fields[field_fa0ad24]\" id=\"form-field-field_fa0ad24\" class=\"elementor-field elementor-size-sm  elementor-field-textual\" placeholder=\"Schlafzimmer\">\n\t\t\t\t\t\t\t\t\t\t\t<\/div>\n\t\t\t\t\t\t\t\t<div class=\"elementor-field-type-text elementor-field-group elementor-column elementor-field-group-Bathrooms elementor-col-50\">\n\t\t\t\t\t\t\t\t\t\t\t\t<label for=\"form-field-Bathrooms\" class=\"elementor-field-label elementor-screen-only\">\n\t\t\t\t\t\t\t\tB\u00e4der\t\t\t\t\t\t\t<\/label>\n\t\t\t\t\t\t\t\t\t\t\t\t\t\t<input size=\"1\" type=\"text\" name=\"form_fields[Bathrooms]\" id=\"form-field-Bathrooms\" class=\"elementor-field elementor-size-sm  elementor-field-textual\" placeholder=\"B\u00e4der\">\n\t\t\t\t\t\t\t\t\t\t\t<\/div>\n\t\t\t\t\t\t\t\t<div class=\"elementor-field-type-textarea elementor-field-group elementor-column elementor-field-group-Details elementor-col-100\">\n\t\t\t\t\t\t\t\t\t\t\t\t<label for=\"form-field-Details\" class=\"elementor-field-label elementor-screen-only\">\n\t\t\t\t\t\t\t\tDetails zur Immobilie\t\t\t\t\t\t\t<\/label>\n\t\t\t\t\t\t<textarea class=\"elementor-field-textual elementor-field  elementor-size-sm\" name=\"form_fields[Details]\" id=\"form-field-Details\" rows=\"4\" placeholder=\"Details zur Immobilie\"><\/textarea>\t\t\t\t<\/div>\n\t\t\t\t\t\t\t\t<div class=\"elementor-field-group elementor-column elementor-field-type-submit elementor-col-100 e-form__buttons\">\n\t\t\t\t\t<button class=\"elementor-button elementor-size-sm\" type=\"submit\">\n\t\t\t\t\t\t<span class=\"elementor-button-content-wrapper\">\n\t\t\t\t\t\t\t\t\t\t\t\t\t\t\t\t\t\t\t\t\t\t<span class=\"elementor-button-text\">Senden Sie<\/span>\n\t\t\t\t\t\t\t\t\t\t\t\t\t<\/span>\n\t\t\t\t\t<\/button>\n\t\t\t\t<\/div>\n\t\t\t<\/div>\n\t\t<input\n                    class=\"apbct_special_field apbct_email_id__elementor_form\"\n                    name=\"apbct__email_id__elementor_form\"\n                    aria-label=\"apbct__label_id__elementor_form\"\n                    type=\"text\" size=\"30\" maxlength=\"200\" autocomplete=\"off\"\n                    value=\"\"\n                \/><\/form>\n\t\t\t\t\t\t<\/div>\n\t\t\t\t\t<\/div>\n\t\t<\/div>\n\t\t\t\t\t<\/div>\n\t\t<\/section>\n\t\t\t\t<\/div>\n\t\t","protected":false},"excerpt":{"rendered":"<p>Ist Ihre Immobilie noch nicht verkauft? Wir stellen auf einzigartige Weise sicher, dass Ihre Immobilie verkauft wird &#8211; wie? Seit mehreren Jahren haben wir mehr als 40 Immobilienagenturen mit neuen Immobilien beliefert, alle mit Kunden verschiedener Nationalit\u00e4ten. Ihre Immobilie k\u00f6nnte die n\u00e4chste sein, die verkauft wird&#8230; WARUM SOLLTEN SIE SICH F\u00dcR HINTERGRUNDEIGENSCHAFTEN ENTSCHEIDEN? Fotografie auf [&hellip;]<\/p>\n","protected":false},"author":1,"featured_media":0,"parent":0,"menu_order":0,"comment_status":"closed","ping_status":"closed","template":"elementor_header_footer","meta":{"_glsr_average":0,"_glsr_ranking":0,"_glsr_reviews":0,"footnotes":""},"class_list":["post-89591","page","type-page","status-publish","hentry"],"_links":{"self":[{"href":"https:\/\/backgroundproperties.com\/de\/wp-json\/wp\/v2\/pages\/89591","targetHints":{"allow":["GET"]}}],"collection":[{"href":"https:\/\/backgroundproperties.com\/de\/wp-json\/wp\/v2\/pages"}],"about":[{"href":"https:\/\/backgroundproperties.com\/de\/wp-json\/wp\/v2\/types\/page"}],"author":[{"embeddable":true,"href":"https:\/\/backgroundproperties.com\/de\/wp-json\/wp\/v2\/users\/1"}],"replies":[{"embeddable":true,"href":"https:\/\/backgroundproperties.com\/de\/wp-json\/wp\/v2\/comments?post=89591"}],"version-history":[{"count":0,"href":"https:\/\/backgroundproperties.com\/de\/wp-json\/wp\/v2\/pages\/89591\/revisions"}],"wp:attachment":[{"href":"https:\/\/backgroundproperties.com\/de\/wp-json\/wp\/v2\/media?parent=89591"}],"curies":[{"name":"wp","href":"https:\/\/api.w.org\/{rel}","templated":true}]}}