{"id":88494,"date":"2022-05-21T11:29:35","date_gmt":"2022-05-21T09:29:35","guid":{"rendered":"https:\/\/backgroundproperties.com\/bildqualitaet\/"},"modified":"2026-04-02T16:55:21","modified_gmt":"2026-04-02T14:55:21","slug":"bildqualitaet","status":"publish","type":"page","link":"https:\/\/backgroundproperties.com\/de\/bildqualitaet\/","title":{"rendered":"Bildqualit\u00e4t"},"content":{"rendered":"\t\t<div data-elementor-type=\"wp-post\" data-elementor-id=\"88494\" class=\"elementor elementor-88494 elementor-87881\" data-elementor-post-type=\"page\">\n\t\t\t\t<div class=\"elementor-element elementor-element-8201e30 e-con-full e-flex e-con e-parent\" data-id=\"8201e30\" data-element_type=\"container\" data-e-type=\"container\">\n\t\t<div class=\"elementor-element elementor-element-4c29789 e-con-full e-flex e-con e-child\" data-id=\"4c29789\" data-element_type=\"container\" data-e-type=\"container\">\n\t\t\t\t<div class=\"elementor-element elementor-element-4a64c50 elementor-widget elementor-widget-heading\" data-id=\"4a64c50\" data-element_type=\"widget\" data-e-type=\"widget\" data-widget_type=\"heading.default\">\n\t\t\t\t\t<h1 class=\"elementor-heading-title elementor-size-default\">Bildqualit\u00e4t<\/h1>\t\t\t\t<\/div>\n\t\t\t\t<div class=\"elementor-element elementor-element-23a9be4 elementor-widget elementor-widget-text-editor\" data-id=\"23a9be4\" data-element_type=\"widget\" data-e-type=\"widget\" data-widget_type=\"text-editor.default\">\n\t\t\t\t\t\t\t\t\t<p>Bei Background Properties sorgen wir daf\u00fcr, dass Ihre Immobilie am besten gezeigt wird.<\/p>\n<p>Wir nehmen uns Zeit f\u00fcr ein umfassendes <strong>professionelles Fotoshooting<\/strong>, einschlie\u00dflich:<\/p>\n<p>\u2714 Beeindruckende <strong>Drohnenaufnahmen<\/strong>, die den Standort und die Umgebung perfekt einfangen.<br \/>\u2714 Atmosph\u00e4rische <strong>Innen- und Au\u00dfenaufnahmen<\/strong>, die den Charakter der Immobilie unterstreichen.<br \/>\u2714 <strong>Detailaufnahmen<\/strong>, die die Einzigartigkeit und die Handwerkskunst zeigen.<\/p>\n<p>Gemeinsam sorgen wir daf\u00fcr, dass Ihr Haus gesehen und verkauft wird.<\/p>\n\t\t\t\t\t\t\t\t<\/div>\n\t\t\t\t<div class=\"elementor-element elementor-element-946083f elementor-widget elementor-widget-gallery\" data-id=\"946083f\" data-element_type=\"widget\" data-e-type=\"widget\" data-settings=\"{&quot;gap&quot;:{&quot;unit&quot;:&quot;px&quot;,&quot;size&quot;:30,&quot;sizes&quot;:[]},&quot;aspect_ratio&quot;:&quot;1:1&quot;,&quot;lazyload&quot;:&quot;yes&quot;,&quot;gallery_layout&quot;:&quot;grid&quot;,&quot;columns&quot;:4,&quot;columns_tablet&quot;:2,&quot;columns_mobile&quot;:1,&quot;gap_tablet&quot;:{&quot;unit&quot;:&quot;px&quot;,&quot;size&quot;:10,&quot;sizes&quot;:[]},&quot;gap_mobile&quot;:{&quot;unit&quot;:&quot;px&quot;,&quot;size&quot;:10,&quot;sizes&quot;:[]},&quot;link_to&quot;:&quot;file&quot;,&quot;overlay_background&quot;:&quot;yes&quot;,&quot;content_hover_animation&quot;:&quot;fade-in&quot;}\" data-widget_type=\"gallery.default\">\n\t\t\t\t\t\t\t<div class=\"elementor-gallery__container\">\n\t\t\t\t\t\t\t<a class=\"e-gallery-item elementor-gallery-item elementor-animated-content\" href=\"https:\/\/backgroundproperties.com\/wp-content\/uploads\/2025\/06\/4-tab.jpg\" data-elementor-open-lightbox=\"yes\" data-elementor-lightbox-slideshow=\"946083f\" data-elementor-lightbox-title=\"4-tab\" data-e-action-hash=\"#elementor-action%3Aaction%3Dlightbox%26settings%3DeyJpZCI6MjAyNDkzOSwidXJsIjoiaHR0cHM6XC9cL2JhY2tncm91bmRwcm9wZXJ0aWVzLmNvbVwvd3AtY29udGVudFwvdXBsb2Fkc1wvMjAyNVwvMDZcLzQtdGFiLmpwZyIsInNsaWRlc2hvdyI6Ijk0NjA4M2YifQ%3D%3D\">\n\t\t\t\t\t<div class=\"e-gallery-image elementor-gallery-item__image\" data-thumbnail=\"https:\/\/backgroundproperties.com\/wp-content\/uploads\/2025\/06\/4-tab-768x512.jpg\" data-width=\"768\" data-height=\"512\" aria-label=\"\" role=\"img\" ><\/div>\n\t\t\t\t\t\t\t\t\t\t\t<div class=\"elementor-gallery-item__overlay\"><\/div>\n\t\t\t\t\t\t\t\t\t\t\t\t\t\t<\/a>\n\t\t\t\t\t\t\t<a class=\"e-gallery-item elementor-gallery-item elementor-animated-content\" href=\"https:\/\/backgroundproperties.com\/wp-content\/uploads\/2025\/06\/1-tab.jpg\" data-elementor-open-lightbox=\"yes\" data-elementor-lightbox-slideshow=\"946083f\" data-elementor-lightbox-title=\"DCIM100MEDIADJI_0047.JPG\" data-e-action-hash=\"#elementor-action%3Aaction%3Dlightbox%26settings%3DeyJpZCI6MjAyNDk0NCwidXJsIjoiaHR0cHM6XC9cL2JhY2tncm91bmRwcm9wZXJ0aWVzLmNvbVwvd3AtY29udGVudFwvdXBsb2Fkc1wvMjAyNVwvMDZcLzEtdGFiLmpwZyIsInNsaWRlc2hvdyI6Ijk0NjA4M2YifQ%3D%3D\">\n\t\t\t\t\t<div class=\"e-gallery-image elementor-gallery-item__image\" data-thumbnail=\"https:\/\/backgroundproperties.com\/wp-content\/uploads\/2025\/06\/1-tab-768x432.jpg\" data-width=\"768\" data-height=\"432\" aria-label=\"\" role=\"img\" ><\/div>\n\t\t\t\t\t\t\t\t\t\t\t<div class=\"elementor-gallery-item__overlay\"><\/div>\n\t\t\t\t\t\t\t\t\t\t\t\t\t\t<\/a>\n\t\t\t\t\t\t\t<a class=\"e-gallery-item elementor-gallery-item elementor-animated-content\" href=\"https:\/\/backgroundproperties.com\/wp-content\/uploads\/2025\/06\/2-tab.jpg\" data-elementor-open-lightbox=\"yes\" data-elementor-lightbox-slideshow=\"946083f\" data-elementor-lightbox-title=\"2 - tab\" data-e-action-hash=\"#elementor-action%3Aaction%3Dlightbox%26settings%3DeyJpZCI6MjAyNDk0OSwidXJsIjoiaHR0cHM6XC9cL2JhY2tncm91bmRwcm9wZXJ0aWVzLmNvbVwvd3AtY29udGVudFwvdXBsb2Fkc1wvMjAyNVwvMDZcLzItdGFiLmpwZyIsInNsaWRlc2hvdyI6Ijk0NjA4M2YifQ%3D%3D\">\n\t\t\t\t\t<div class=\"e-gallery-image elementor-gallery-item__image\" data-thumbnail=\"https:\/\/backgroundproperties.com\/wp-content\/uploads\/2025\/06\/2-tab-768x512.jpg\" data-width=\"768\" data-height=\"512\" aria-label=\"\" role=\"img\" ><\/div>\n\t\t\t\t\t\t\t\t\t\t\t<div class=\"elementor-gallery-item__overlay\"><\/div>\n\t\t\t\t\t\t\t\t\t\t\t\t\t\t<\/a>\n\t\t\t\t\t\t\t<a class=\"e-gallery-item elementor-gallery-item elementor-animated-content\" href=\"https:\/\/backgroundproperties.com\/wp-content\/uploads\/2025\/06\/3-tab.jpg\" data-elementor-open-lightbox=\"yes\" data-elementor-lightbox-slideshow=\"946083f\" data-elementor-lightbox-title=\"3 - tab\" data-e-action-hash=\"#elementor-action%3Aaction%3Dlightbox%26settings%3DeyJpZCI6MjAyNDk1NCwidXJsIjoiaHR0cHM6XC9cL2JhY2tncm91bmRwcm9wZXJ0aWVzLmNvbVwvd3AtY29udGVudFwvdXBsb2Fkc1wvMjAyNVwvMDZcLzMtdGFiLmpwZyIsInNsaWRlc2hvdyI6Ijk0NjA4M2YifQ%3D%3D\">\n\t\t\t\t\t<div class=\"e-gallery-image elementor-gallery-item__image\" data-thumbnail=\"https:\/\/backgroundproperties.com\/wp-content\/uploads\/2025\/06\/3-tab-768x512.jpg\" data-width=\"768\" data-height=\"512\" aria-label=\"\" role=\"img\" ><\/div>\n\t\t\t\t\t\t\t\t\t\t\t<div class=\"elementor-gallery-item__overlay\"><\/div>\n\t\t\t\t\t\t\t\t\t\t\t\t\t\t<\/a>\n\t\t\t\t\t<\/div>\n\t\t\t\t\t<\/div>\n\t\t\t\t<div class=\"elementor-element elementor-element-697036e elementor-align-center elementor-widget elementor-widget-button\" data-id=\"697036e\" data-element_type=\"widget\" data-e-type=\"widget\" data-widget_type=\"button.default\">\n\t\t\t\t\t\t\t\t\t\t<a class=\"elementor-button elementor-button-link elementor-size-sm\" href=\"https:\/\/backgroundproperties.com\/de\/bildqualitaet\/mehr-bilder\/\">\n\t\t\t\t\t\t<span class=\"elementor-button-content-wrapper\">\n\t\t\t\t\t\t\t\t\t<span class=\"elementor-button-text\">Weitere Fotos ansehen<\/span>\n\t\t\t\t\t<\/span>\n\t\t\t\t\t<\/a>\n\t\t\t\t\t\t\t\t<\/div>\n\t\t\t\t<\/div>\n\t\t\t\t<\/div>\n\t\t\t\t<\/div>\n\t\t","protected":false},"excerpt":{"rendered":"<p>Bei Background Properties sorgen wir daf\u00fcr, dass Ihre Immobilie am besten gezeigt wird. Wir nehmen uns Zeit f\u00fcr ein umfassendes professionelles Fotoshooting, einschlie\u00dflich: \u2714 Beeindruckende Drohnenaufnahmen, die den Standort und die Umgebung perfekt einfangen.\u2714 Atmosph\u00e4rische Innen- und Au\u00dfenaufnahmen, die den Charakter der Immobilie unterstreichen.\u2714 Detailaufnahmen, die die Einzigartigkeit und die Handwerkskunst zeigen. Gemeinsam sorgen wir [&hellip;]<\/p>\n","protected":false},"author":1,"featured_media":0,"parent":0,"menu_order":10,"comment_status":"closed","ping_status":"closed","template":"elementor_header_footer","meta":{"_glsr_average":0,"_glsr_ranking":0,"_glsr_reviews":0,"footnotes":""},"class_list":["post-88494","page","type-page","status-publish","hentry"],"_links":{"self":[{"href":"https:\/\/backgroundproperties.com\/de\/wp-json\/wp\/v2\/pages\/88494","targetHints":{"allow":["GET"]}}],"collection":[{"href":"https:\/\/backgroundproperties.com\/de\/wp-json\/wp\/v2\/pages"}],"about":[{"href":"https:\/\/backgroundproperties.com\/de\/wp-json\/wp\/v2\/types\/page"}],"author":[{"embeddable":true,"href":"https:\/\/backgroundproperties.com\/de\/wp-json\/wp\/v2\/users\/1"}],"replies":[{"embeddable":true,"href":"https:\/\/backgroundproperties.com\/de\/wp-json\/wp\/v2\/comments?post=88494"}],"version-history":[{"count":2,"href":"https:\/\/backgroundproperties.com\/de\/wp-json\/wp\/v2\/pages\/88494\/revisions"}],"predecessor-version":[{"id":2065995,"href":"https:\/\/backgroundproperties.com\/de\/wp-json\/wp\/v2\/pages\/88494\/revisions\/2065995"}],"wp:attachment":[{"href":"https:\/\/backgroundproperties.com\/de\/wp-json\/wp\/v2\/media?parent=88494"}],"curies":[{"name":"wp","href":"https:\/\/api.w.org\/{rel}","templated":true}]}}