{"id":2025369,"date":"2025-07-01T11:41:18","date_gmt":"2025-07-01T09:41:18","guid":{"rendered":"https:\/\/backgroundproperties.com\/zugriff\/"},"modified":"2026-04-02T17:00:58","modified_gmt":"2026-04-02T15:00:58","slug":"zugriff","status":"publish","type":"page","link":"https:\/\/backgroundproperties.com\/de\/zugriff\/","title":{"rendered":"Zugriff"},"content":{"rendered":"\t\t<div data-elementor-type=\"wp-page\" data-elementor-id=\"2025369\" class=\"elementor elementor-2025369 elementor-2025256\" data-elementor-post-type=\"page\">\n\t\t\t\t<div class=\"elementor-element elementor-element-9f144ec e-flex e-con-boxed e-con e-parent\" data-id=\"9f144ec\" data-element_type=\"container\" data-e-type=\"container\">\n\t\t\t\t\t<div class=\"e-con-inner\">\n\t\t\t\t<div class=\"elementor-element elementor-element-7060790 elementor-widget elementor-widget-heading\" data-id=\"7060790\" data-element_type=\"widget\" data-e-type=\"widget\" data-widget_type=\"heading.default\">\n\t\t\t\t\t<h1 class=\"elementor-heading-title elementor-size-default\">Immobilien<\/h1>\t\t\t\t<\/div>\n\t\t\t\t<div class=\"elementor-element elementor-element-04f1d2d elementor-widget elementor-widget-text-editor\" data-id=\"04f1d2d\" data-element_type=\"widget\" data-e-type=\"widget\" data-widget_type=\"text-editor.default\">\n\t\t\t\t\t\t\t\t\t<p>Unseren Immobilienkatalog k\u00f6nnen ausschlie\u00dflich unsere Immobilienmakler nutzen.<\/p>\n<p>Wenn Sie unsere Immobilien ansehen m\u00f6chten, fordern Sie bitte Ihre Zugangsdaten mit dem unten stehenden Formular an.<\/p>\n<p>Haben Sie bereits Zugangsdaten? <a href=\"https:\/\/backgroundproperties.com\/de\/#login\">Klicken Sie hier<\/a>, um sich anzumelden.<\/p>\n\t\t\t\t\t\t\t\t<\/div>\n\t\t\t\t<div class=\"elementor-element elementor-element-0c001bf elementor-button-align-stretch elementor-widget elementor-widget-form\" data-id=\"0c001bf\" data-element_type=\"widget\" data-e-type=\"widget\" data-settings=\"{&quot;step_next_label&quot;:&quot;Weiter&quot;,&quot;step_previous_label&quot;:&quot;Zur\\u00fcck&quot;,&quot;button_width&quot;:&quot;100&quot;,&quot;step_type&quot;:&quot;number_text&quot;,&quot;step_icon_shape&quot;:&quot;circle&quot;}\" data-widget_type=\"form.default\">\n\t\t\t\t\t\t\t<form class=\"elementor-form\" method=\"post\" name=\"Neues Formular\" aria-label=\"Neues Formular\">\n\t\t\t<input type=\"hidden\" name=\"post_id\" value=\"2025369\"\/>\n\t\t\t<input type=\"hidden\" name=\"form_id\" value=\"0c001bf\"\/>\n\t\t\t<input type=\"hidden\" name=\"referer_title\" value=\"Zugriff\" \/>\n\n\t\t\t\t\t\t\t<input type=\"hidden\" name=\"queried_id\" value=\"2025369\"\/>\n\t\t\t\n\t\t\t<div class=\"elementor-form-fields-wrapper elementor-labels-\">\n\t\t\t\t\t\t\t\t<div class=\"elementor-field-type-text elementor-field-group elementor-column elementor-field-group-naam elementor-col-50\">\n\t\t\t\t\t\t\t\t\t\t\t\t<label for=\"form-field-naam\" class=\"elementor-field-label elementor-screen-only\">\n\t\t\t\t\t\t\t\tName\t\t\t\t\t\t\t<\/label>\n\t\t\t\t\t\t\t\t\t\t\t\t\t\t<input size=\"1\" type=\"text\" name=\"form_fields[naam]\" id=\"form-field-naam\" class=\"elementor-field elementor-size-sm  elementor-field-textual\" placeholder=\"Name\">\n\t\t\t\t\t\t\t\t\t\t\t<\/div>\n\t\t\t\t\t\t\t\t<div class=\"elementor-field-type-email elementor-field-group elementor-column elementor-field-group-email elementor-col-50 elementor-field-required\">\n\t\t\t\t\t\t\t\t\t\t\t\t<label for=\"form-field-email\" class=\"elementor-field-label elementor-screen-only\">\n\t\t\t\t\t\t\t\tE-mail\t\t\t\t\t\t\t<\/label>\n\t\t\t\t\t\t\t\t\t\t\t\t\t\t<input size=\"1\" type=\"email\" name=\"form_fields[email]\" id=\"form-field-email\" class=\"elementor-field elementor-size-sm  elementor-field-textual\" placeholder=\"E-mail\" required=\"required\">\n\t\t\t\t\t\t\t\t\t\t\t<\/div>\n\t\t\t\t\t\t\t\t<div class=\"elementor-field-type-textarea elementor-field-group elementor-column elementor-field-group-Bericht elementor-col-100\">\n\t\t\t\t\t\t\t\t\t\t\t\t<label for=\"form-field-Bericht\" class=\"elementor-field-label elementor-screen-only\">\n\t\t\t\t\t\t\t\tNachricht\t\t\t\t\t\t\t<\/label>\n\t\t\t\t\t\t<textarea class=\"elementor-field-textual elementor-field  elementor-size-sm\" name=\"form_fields[Bericht]\" id=\"form-field-Bericht\" rows=\"4\">Ik wil graag toegang tot de vastgoedinformatie.<\/textarea>\t\t\t\t<\/div>\n\t\t\t\t\t\t\t\t<div class=\"elementor-field-group elementor-column elementor-field-type-submit elementor-col-100 e-form__buttons\">\n\t\t\t\t\t<button class=\"elementor-button elementor-size-sm\" type=\"submit\">\n\t\t\t\t\t\t<span class=\"elementor-button-content-wrapper\">\n\t\t\t\t\t\t\t\t\t\t\t\t\t\t\t\t\t\t\t\t\t\t<span class=\"elementor-button-text\">Absenden<\/span>\n\t\t\t\t\t\t\t\t\t\t\t\t\t<\/span>\n\t\t\t\t\t<\/button>\n\t\t\t\t<\/div>\n\t\t\t<\/div>\n\t\t<input\n                    class=\"apbct_special_field apbct_email_id__elementor_form\"\n                    name=\"apbct__email_id__elementor_form\"\n                    aria-label=\"apbct__label_id__elementor_form\"\n                    type=\"text\" size=\"30\" maxlength=\"200\" autocomplete=\"off\"\n                    value=\"\"\n                \/><\/form>\n\t\t\t\t\t\t<\/div>\n\t\t\t\t\t<\/div>\n\t\t\t\t<\/div>\n\t\t\t\t<\/div>\n\t\t","protected":false},"excerpt":{"rendered":"<p>Immobilien Unseren Immobilienkatalog k\u00f6nnen ausschlie\u00dflich unsere Immobilienmakler nutzen. Wenn Sie unsere Immobilien ansehen m\u00f6chten, fordern Sie bitte Ihre Zugangsdaten mit dem unten stehenden Formular an. Haben Sie bereits Zugangsdaten? Klicken Sie hier, um sich anzumelden.<\/p>\n","protected":false},"author":1,"featured_media":0,"parent":0,"menu_order":33,"comment_status":"closed","ping_status":"closed","template":"elementor_header_footer","meta":{"_glsr_average":0,"_glsr_ranking":0,"_glsr_reviews":0,"footnotes":""},"class_list":["post-2025369","page","type-page","status-publish","hentry"],"_links":{"self":[{"href":"https:\/\/backgroundproperties.com\/de\/wp-json\/wp\/v2\/pages\/2025369","targetHints":{"allow":["GET"]}}],"collection":[{"href":"https:\/\/backgroundproperties.com\/de\/wp-json\/wp\/v2\/pages"}],"about":[{"href":"https:\/\/backgroundproperties.com\/de\/wp-json\/wp\/v2\/types\/page"}],"author":[{"embeddable":true,"href":"https:\/\/backgroundproperties.com\/de\/wp-json\/wp\/v2\/users\/1"}],"replies":[{"embeddable":true,"href":"https:\/\/backgroundproperties.com\/de\/wp-json\/wp\/v2\/comments?post=2025369"}],"version-history":[{"count":1,"href":"https:\/\/backgroundproperties.com\/de\/wp-json\/wp\/v2\/pages\/2025369\/revisions"}],"predecessor-version":[{"id":2066034,"href":"https:\/\/backgroundproperties.com\/de\/wp-json\/wp\/v2\/pages\/2025369\/revisions\/2066034"}],"wp:attachment":[{"href":"https:\/\/backgroundproperties.com\/de\/wp-json\/wp\/v2\/media?parent=2025369"}],"curies":[{"name":"wp","href":"https:\/\/api.w.org\/{rel}","templated":true}]}}