{"id":1927770,"date":"2022-05-21T11:29:36","date_gmt":"2022-05-21T09:29:36","guid":{"rendered":"https:\/\/backgroundproperties.com\/unsere-makler\/"},"modified":"2026-04-02T16:56:55","modified_gmt":"2026-04-02T14:56:55","slug":"unsere-makler","status":"publish","type":"page","link":"https:\/\/backgroundproperties.com\/de\/unsere-makler\/","title":{"rendered":"Unsere Immobilienmakler"},"content":{"rendered":"\t\t<div data-elementor-type=\"wp-post\" data-elementor-id=\"1927770\" class=\"elementor elementor-1927770 elementor-87883\" data-elementor-post-type=\"page\">\n\t\t\t\t\t\t<section class=\"elementor-section elementor-top-section elementor-element elementor-element-5cf03e0 elementor-section-boxed elementor-section-height-default elementor-section-height-default\" data-id=\"5cf03e0\" data-element_type=\"section\" data-e-type=\"section\">\n\t\t\t\t\t\t<div class=\"elementor-container elementor-column-gap-default\">\n\t\t\t\t\t<div class=\"elementor-column elementor-col-100 elementor-top-column elementor-element elementor-element-245586a\" data-id=\"245586a\" data-element_type=\"column\" data-e-type=\"column\">\n\t\t\t<div class=\"elementor-widget-wrap elementor-element-populated\">\n\t\t\t\t\t\t<div class=\"elementor-element elementor-element-600c8d2 elementor-widget elementor-widget-heading\" data-id=\"600c8d2\" data-element_type=\"widget\" data-e-type=\"widget\" data-widget_type=\"heading.default\">\n\t\t\t\t\t<h1 class=\"elementor-heading-title elementor-size-default\">Immobilienmakler<\/h1>\t\t\t\t<\/div>\n\t\t\t\t<div class=\"elementor-element elementor-element-d190eb6 elementor-widget elementor-widget-heading\" data-id=\"d190eb6\" data-element_type=\"widget\" data-e-type=\"widget\" data-widget_type=\"heading.default\">\n\t\t\t\t\t<h2 class=\"elementor-heading-title elementor-size-default\">EIN STARKES NETZWERK IN EUROPA<\/h2>\t\t\t\t<\/div>\n\t\t\t\t<div class=\"elementor-element elementor-element-2cbf5be elementor-widget elementor-widget-text-editor\" data-id=\"2cbf5be\" data-element_type=\"widget\" data-e-type=\"widget\" data-widget_type=\"text-editor.default\">\n\t\t\t\t\t\t\t\t\t<p>Wir arbeiten intensiv mit einer ausgew\u00e4hlten Gruppe von <strong>mehr als 40 renommierten Immobilienmaklern<\/strong> zusammen, die es uns nicht nur erm\u00f6glichen, unsere Immobilien an der Costa Blanca aktiv zu bewerben, sondern auch wichtige internationale M\u00e4rkte zu erreichen.<\/p>\n<p>Unsere Partner-Makler befinden sich in <strong>Spanien, Belgien, den Niederlanden und Deutschland<\/strong>. Dieses weitreichende Netzwerk erm\u00f6glicht es uns, Ihre Immobilie einem breiten und vielf\u00e4ltigen Publikum zu pr\u00e4sentieren &#8211; von lokalen K\u00e4ufern bis hin zu internationalen Kunden, die aktiv nach einem Haus in Spanien suchen.<\/p>\n<p>Dank dieser starken internationalen Zusammenarbeit wird Ihre Immobilie auf mehreren M\u00e4rkten sichtbar, was die Chancen erh\u00f6ht, dass wir schnell den richtigen K\u00e4ufer finden f\u00fcr ihre Eigentum.<\/p>\n\t\t\t\t\t\t\t\t<\/div>\n\t\t\t\t<div class=\"elementor-element elementor-element-0948606 elementor-widget elementor-widget-heading\" data-id=\"0948606\" data-element_type=\"widget\" data-e-type=\"widget\" data-widget_type=\"heading.default\">\n\t\t\t\t\t<h3 class=\"elementor-heading-title elementor-size-default\"><a href=\"https:\/\/backgroundproperties.com\/de\/immobilienmakler\/\">ENTDECKEN SIE UNSER INTERNATIONALES NETZWERK VON<br \/>IMMOBILIENEXPERTEN<\/a><\/h3>\t\t\t\t<\/div>\n\t\t\t\t\t<\/div>\n\t\t<\/div>\n\t\t\t\t\t<\/div>\n\t\t<\/section>\n\t\t\t\t<\/div>\n\t\t","protected":false},"excerpt":{"rendered":"<p>Immobilienmakler EIN STARKES NETZWERK IN EUROPA Wir arbeiten intensiv mit einer ausgew\u00e4hlten Gruppe von mehr als 40 renommierten Immobilienmaklern zusammen, die es uns nicht nur erm\u00f6glichen, unsere Immobilien an der Costa Blanca aktiv zu bewerben, sondern auch wichtige internationale M\u00e4rkte zu erreichen. Unsere Partner-Makler befinden sich in Spanien, Belgien, den Niederlanden und Deutschland. Dieses weitreichende [&hellip;]<\/p>\n","protected":false},"author":1,"featured_media":0,"parent":0,"menu_order":20,"comment_status":"closed","ping_status":"closed","template":"elementor_header_footer","meta":{"_glsr_average":0,"_glsr_ranking":0,"_glsr_reviews":0,"footnotes":""},"class_list":["post-1927770","page","type-page","status-publish","hentry"],"_links":{"self":[{"href":"https:\/\/backgroundproperties.com\/de\/wp-json\/wp\/v2\/pages\/1927770","targetHints":{"allow":["GET"]}}],"collection":[{"href":"https:\/\/backgroundproperties.com\/de\/wp-json\/wp\/v2\/pages"}],"about":[{"href":"https:\/\/backgroundproperties.com\/de\/wp-json\/wp\/v2\/types\/page"}],"author":[{"embeddable":true,"href":"https:\/\/backgroundproperties.com\/de\/wp-json\/wp\/v2\/users\/1"}],"replies":[{"embeddable":true,"href":"https:\/\/backgroundproperties.com\/de\/wp-json\/wp\/v2\/comments?post=1927770"}],"version-history":[{"count":2,"href":"https:\/\/backgroundproperties.com\/de\/wp-json\/wp\/v2\/pages\/1927770\/revisions"}],"predecessor-version":[{"id":2066004,"href":"https:\/\/backgroundproperties.com\/de\/wp-json\/wp\/v2\/pages\/1927770\/revisions\/2066004"}],"wp:attachment":[{"href":"https:\/\/backgroundproperties.com\/de\/wp-json\/wp\/v2\/media?parent=1927770"}],"curies":[{"name":"wp","href":"https:\/\/api.w.org\/{rel}","templated":true}]}}